{"id":543,"date":"2022-10-21T09:31:12","date_gmt":"2022-10-21T09:31:12","guid":{"rendered":"https:\/\/ecards.orange.com\/gw\/?post_type=product&#038;p=543"},"modified":"2026-02-12T10:59:28","modified_gmt":"2026-02-12T10:59:28","slug":"e-carte-pubg-320-uc","status":"publish","type":"product","link":"https:\/\/ecards.orange.com\/gw\/produto\/e-carte-pubg-320-uc\/","title":{"rendered":"e-Card PUBG 320 UC"},"content":{"rendered":"<h1>PUBG 320 UC<\/h1>\n<p>Est\u00e1 prestes a estocar PUBG UC.<br \/>\nCom UC, pode obter recompensas Elite Royale Pass e Elite Plus Royale Pass, comprar skins, desbloquear novos personagens e muito mais. Com Codashop, recarregar \u00e9 f\u00e1cil, seguro e conveniente. Milh\u00f5es de jogadores em todo o mundo confiam em n\u00f3s. Nenhum registro ou login necess\u00e1rio!<\/p>\n<p>&nbsp;<\/p>\n<p>O jogo oficial PLAYERUNKNOWN&#8217;S BATTLEGROUNDS foi desenvolvido exclusivamente para dispositivos m\u00f3veis. Jogue de gra\u00e7a em qualquer lugar, a qualquer hora. PUBG MOBILE oferece a a\u00e7\u00e3o free-to-play mais intensa em dispositivos m\u00f3veis. Entre no jogo, prepare-se e jogue. Sobreviva a batalhas \u00e9picas de 100 jogadores e passe rapidamente os modos de mata-mata e zumbis em equipas 4v4. O \u00faltimo em p\u00e9 vence. Seja o primeiro !<\/p>\n<h2><strong>Informa\u00e7\u00f5es importantes<\/strong><\/h2>\n<ul>\n<li>Este e-Card \u00e9 v\u00e1lido apenas no PUBG.<\/li>\n<li>Este e-Card n\u00e3o pode ser trocado nem reembolsado.<\/li>\n<li>Oferta sujeita a todos os termos de uso dispon\u00edveis na loja <a href=\"https:\/\/www.midasbuy.com\/midasbuy\/ot\/redeem\/pubgm\">Midasbuy<\/a>.<\/li>\n<\/ul>\n<h2><strong>Como uso meu cart\u00e3o PUBG 320 UC?<\/strong><\/h2>\n<p>Basta seguir as etapas abaixo e as UCs ser\u00e3o adicionadas \u00e0 sua conta em segundos.<\/p>\n<ol>\n<li>Clique <a href=\"https:\/\/www.midasbuy.com\/midasbuy\/ot\/redeem\/pubgm\">aqui<\/a> para resgatar seu voucher PUBG UC (escolha a regi\u00e3o dos EUA, se necess\u00e1rio)<\/li>\n<li>Digite seu ID de jogador<\/li>\n<li>Recupere o c\u00f3digo do cart\u00e3o e digite-o no espa\u00e7o fornecido.<\/li>\n<\/ol>\n<p>Depois de conclu\u00eddo, os UCs s\u00e3o adicionados automaticamente \u00e0 sua conta do PUBG Mobile.<\/p>\n","protected":false},"excerpt":{"rendered":"<p>PUBG 320 UC Est\u00e1 prestes a estocar PUBG UC. Com UC, pode obter recompensas Elite Royale Pass e Elite Plus Royale Pass, comprar skins, desbloquear novos personagens e muito mais. Com Codashop, recarregar \u00e9 f\u00e1cil, seguro e conveniente. Milh\u00f5es de jogadores em todo o mundo confiam em n\u00f3s. Nenhum registro ou login necess\u00e1rio! &nbsp; O [&hellip;]<\/p>\n","protected":false},"featured_media":544,"comment_status":"open","ping_status":"closed","template":"","meta":[],"product_cat":[63],"product_tag":[],"yoast_head":"<!-- This site is optimized with the Yoast SEO plugin v19.8 - https:\/\/yoast.com\/wordpress\/plugins\/seo\/ -->\n<title>e-Card PUBG 320 UC - e-cards Fun<\/title>\n<meta name=\"robots\" content=\"index, follow, max-snippet:-1, max-image-preview:large, max-video-preview:-1\" \/>\n<link rel=\"canonical\" href=\"https:\/\/ecards.orange.com\/gw\/produto\/e-carte-pubg-320-uc\/\" \/>\n<meta property=\"og:locale\" content=\"pt_PT\" \/>\n<meta property=\"og:type\" content=\"article\" \/>\n<meta property=\"og:title\" content=\"e-Card PUBG 320 UC - e-cards Fun\" \/>\n<meta property=\"og:description\" content=\"PUBG 320 UC Est\u00e1 prestes a estocar PUBG UC. Com UC, pode obter recompensas Elite Royale Pass e Elite Plus Royale Pass, comprar skins, desbloquear novos personagens e muito mais. Com Codashop, recarregar \u00e9 f\u00e1cil, seguro e conveniente. Milh\u00f5es de jogadores em todo o mundo confiam em n\u00f3s. Nenhum registro ou login necess\u00e1rio! &nbsp; O [&hellip;]\" \/>\n<meta property=\"og:url\" content=\"https:\/\/ecards.orange.com\/gw\/produto\/e-carte-pubg-320-uc\/\" \/>\n<meta property=\"og:site_name\" content=\"e-cards Fun\" \/>\n<meta property=\"article:modified_time\" content=\"2026-02-12T10:59:28+00:00\" \/>\n<meta property=\"og:image\" content=\"https:\/\/ecards.orange.com\/gw\/wp-content\/uploads\/PUBG-Logo.png\" \/>\n\t<meta property=\"og:image:width\" content=\"420\" \/>\n\t<meta property=\"og:image:height\" content=\"320\" \/>\n\t<meta property=\"og:image:type\" content=\"image\/png\" \/>\n<meta name=\"twitter:card\" content=\"summary_large_image\" \/>\n<meta name=\"twitter:label1\" content=\"Tempo estimado de leitura\" \/>\n\t<meta name=\"twitter:data1\" content=\"2 minutos\" \/>\n<script type=\"application\/ld+json\" class=\"yoast-schema-graph\">{\"@context\":\"https:\/\/schema.org\",\"@graph\":[{\"@type\":\"WebPage\",\"@id\":\"https:\/\/ecards.orange.com\/gw\/produto\/e-carte-pubg-320-uc\/\",\"url\":\"https:\/\/ecards.orange.com\/gw\/produto\/e-carte-pubg-320-uc\/\",\"name\":\"e-Card PUBG 320 UC - e-cards Fun\",\"isPartOf\":{\"@id\":\"https:\/\/ecards.orange.com\/gw\/#website\"},\"datePublished\":\"2022-10-21T09:31:12+00:00\",\"dateModified\":\"2026-02-12T10:59:28+00:00\",\"breadcrumb\":{\"@id\":\"https:\/\/ecards.orange.com\/gw\/produto\/e-carte-pubg-320-uc\/#breadcrumb\"},\"inLanguage\":\"pt-PT\",\"potentialAction\":[{\"@type\":\"ReadAction\",\"target\":[\"https:\/\/ecards.orange.com\/gw\/produto\/e-carte-pubg-320-uc\/\"]}]},{\"@type\":\"BreadcrumbList\",\"@id\":\"https:\/\/ecards.orange.com\/gw\/produto\/e-carte-pubg-320-uc\/#breadcrumb\",\"itemListElement\":[{\"@type\":\"ListItem\",\"position\":1,\"name\":\"Accueil\",\"item\":\"https:\/\/ecards.orange.com\/gw\/\"},{\"@type\":\"ListItem\",\"position\":2,\"name\":\"e-Card PUBG 320 UC\"}]},{\"@type\":\"WebSite\",\"@id\":\"https:\/\/ecards.orange.com\/gw\/#website\",\"url\":\"https:\/\/ecards.orange.com\/gw\/\",\"name\":\"e-cards Fun\",\"description\":\"\",\"publisher\":{\"@id\":\"https:\/\/ecards.orange.com\/gw\/#organization\"},\"potentialAction\":[{\"@type\":\"SearchAction\",\"target\":{\"@type\":\"EntryPoint\",\"urlTemplate\":\"https:\/\/ecards.orange.com\/gw\/?s={search_term_string}\"},\"query-input\":\"required name=search_term_string\"}],\"inLanguage\":\"pt-PT\"},{\"@type\":\"Organization\",\"@id\":\"https:\/\/ecards.orange.com\/gw\/#organization\",\"name\":\"e-cards Fun\",\"url\":\"https:\/\/ecards.orange.com\/gw\/\",\"sameAs\":[],\"logo\":{\"@type\":\"ImageObject\",\"inLanguage\":\"pt-PT\",\"@id\":\"https:\/\/ecards.orange.com\/gw\/#\/schema\/logo\/image\/\",\"url\":\"https:\/\/ecards.orange.com\/gw\/wp-content\/uploads\/cropped-205px-Orange_logo-1.png\",\"contentUrl\":\"https:\/\/ecards.orange.com\/gw\/wp-content\/uploads\/cropped-205px-Orange_logo-1.png\",\"width\":205,\"height\":205,\"caption\":\"e-cards Fun\"},\"image\":{\"@id\":\"https:\/\/ecards.orange.com\/gw\/#\/schema\/logo\/image\/\"}}]}<\/script>\n<!-- \/ Yoast SEO plugin. -->","yoast_head_json":{"title":"e-Card PUBG 320 UC - e-cards Fun","robots":{"index":"index","follow":"follow","max-snippet":"max-snippet:-1","max-image-preview":"max-image-preview:large","max-video-preview":"max-video-preview:-1"},"canonical":"https:\/\/ecards.orange.com\/gw\/produto\/e-carte-pubg-320-uc\/","og_locale":"pt_PT","og_type":"article","og_title":"e-Card PUBG 320 UC - e-cards Fun","og_description":"PUBG 320 UC Est\u00e1 prestes a estocar PUBG UC. Com UC, pode obter recompensas Elite Royale Pass e Elite Plus Royale Pass, comprar skins, desbloquear novos personagens e muito mais. Com Codashop, recarregar \u00e9 f\u00e1cil, seguro e conveniente. Milh\u00f5es de jogadores em todo o mundo confiam em n\u00f3s. Nenhum registro ou login necess\u00e1rio! &nbsp; O [&hellip;]","og_url":"https:\/\/ecards.orange.com\/gw\/produto\/e-carte-pubg-320-uc\/","og_site_name":"e-cards Fun","article_modified_time":"2026-02-12T10:59:28+00:00","og_image":[{"width":420,"height":320,"url":"https:\/\/ecards.orange.com\/gw\/wp-content\/uploads\/PUBG-Logo.png","type":"image\/png"}],"twitter_card":"summary_large_image","twitter_misc":{"Tempo estimado de leitura":"2 minutos"},"schema":{"@context":"https:\/\/schema.org","@graph":[{"@type":"WebPage","@id":"https:\/\/ecards.orange.com\/gw\/produto\/e-carte-pubg-320-uc\/","url":"https:\/\/ecards.orange.com\/gw\/produto\/e-carte-pubg-320-uc\/","name":"e-Card PUBG 320 UC - e-cards Fun","isPartOf":{"@id":"https:\/\/ecards.orange.com\/gw\/#website"},"datePublished":"2022-10-21T09:31:12+00:00","dateModified":"2026-02-12T10:59:28+00:00","breadcrumb":{"@id":"https:\/\/ecards.orange.com\/gw\/produto\/e-carte-pubg-320-uc\/#breadcrumb"},"inLanguage":"pt-PT","potentialAction":[{"@type":"ReadAction","target":["https:\/\/ecards.orange.com\/gw\/produto\/e-carte-pubg-320-uc\/"]}]},{"@type":"BreadcrumbList","@id":"https:\/\/ecards.orange.com\/gw\/produto\/e-carte-pubg-320-uc\/#breadcrumb","itemListElement":[{"@type":"ListItem","position":1,"name":"Accueil","item":"https:\/\/ecards.orange.com\/gw\/"},{"@type":"ListItem","position":2,"name":"e-Card PUBG 320 UC"}]},{"@type":"WebSite","@id":"https:\/\/ecards.orange.com\/gw\/#website","url":"https:\/\/ecards.orange.com\/gw\/","name":"e-cards Fun","description":"","publisher":{"@id":"https:\/\/ecards.orange.com\/gw\/#organization"},"potentialAction":[{"@type":"SearchAction","target":{"@type":"EntryPoint","urlTemplate":"https:\/\/ecards.orange.com\/gw\/?s={search_term_string}"},"query-input":"required name=search_term_string"}],"inLanguage":"pt-PT"},{"@type":"Organization","@id":"https:\/\/ecards.orange.com\/gw\/#organization","name":"e-cards Fun","url":"https:\/\/ecards.orange.com\/gw\/","sameAs":[],"logo":{"@type":"ImageObject","inLanguage":"pt-PT","@id":"https:\/\/ecards.orange.com\/gw\/#\/schema\/logo\/image\/","url":"https:\/\/ecards.orange.com\/gw\/wp-content\/uploads\/cropped-205px-Orange_logo-1.png","contentUrl":"https:\/\/ecards.orange.com\/gw\/wp-content\/uploads\/cropped-205px-Orange_logo-1.png","width":205,"height":205,"caption":"e-cards Fun"},"image":{"@id":"https:\/\/ecards.orange.com\/gw\/#\/schema\/logo\/image\/"}}]}},"_links":{"self":[{"href":"https:\/\/ecards.orange.com\/gw\/wp-json\/wp\/v2\/product\/543"}],"collection":[{"href":"https:\/\/ecards.orange.com\/gw\/wp-json\/wp\/v2\/product"}],"about":[{"href":"https:\/\/ecards.orange.com\/gw\/wp-json\/wp\/v2\/types\/product"}],"replies":[{"embeddable":true,"href":"https:\/\/ecards.orange.com\/gw\/wp-json\/wp\/v2\/comments?post=543"}],"wp:featuredmedia":[{"embeddable":true,"href":"https:\/\/ecards.orange.com\/gw\/wp-json\/wp\/v2\/media\/544"}],"wp:attachment":[{"href":"https:\/\/ecards.orange.com\/gw\/wp-json\/wp\/v2\/media?parent=543"}],"wp:term":[{"taxonomy":"product_cat","embeddable":true,"href":"https:\/\/ecards.orange.com\/gw\/wp-json\/wp\/v2\/product_cat?post=543"},{"taxonomy":"product_tag","embeddable":true,"href":"https:\/\/ecards.orange.com\/gw\/wp-json\/wp\/v2\/product_tag?post=543"}],"curies":[{"name":"wp","href":"https:\/\/api.w.org\/{rel}","templated":true}]}}