{"id":542,"date":"2022-10-21T09:26:18","date_gmt":"2022-10-21T09:26:18","guid":{"rendered":"https:\/\/ecards.orange.com\/gw\/?post_type=product&#038;p=542"},"modified":"2026-01-09T23:34:17","modified_gmt":"2026-01-09T23:34:17","slug":"e-card-playstation-store-50-euros","status":"publish","type":"product","link":"https:\/\/ecards.orange.com\/gw\/produto\/e-card-playstation-store-50-euros\/","title":{"rendered":"e-Card Playstation Store 50\u20ac"},"content":{"rendered":"<h1>e-card Playstation Store 50\u20ac<\/h1>\n<p>Quer aceder aos conte\u00fados oferecidos pela Playstation Store?<br \/>\nEste e-Card da Playstation Store de 50\u20ac permite-lhe carregar a sua conta Playstation Store com 50\u20ac.<\/p>\n<p>O melhor conte\u00fado da PlayStation\u00aeStore, acess\u00edvel no seu PS5, PS4, PS3 ou PS Vita:<\/p>\n<ul>\n<li>Jogos e extens\u00f5es<\/li>\n<li>Filmes<\/li>\n<li>M\u00fasica<\/li>\n<li>Avatares e temas<\/li>\n<\/ul>\n<h2><strong>Informa\u00e7\u00e3o importante<\/strong><\/h2>\n<ul>\n<li>Este e-Card s\u00f3 \u00e9 v\u00e1lido na Playstation Store, numa conta Sony Entertainment Network em euros.<\/li>\n<li>A \u00e1rea geogr\u00e1fica do cart\u00e3o \u00e9: Fran\u00e7a<\/li>\n<li>Este e-Card n\u00e3o pode ser trocado nem reembolsado<\/li>\n<li>Oferta sujeita a todos os termos de uso dispon\u00edveis em <a href=\"http:\/\/www.playstation.com\/legal\/PSNTerms\">Playstation.com<\/a><\/li>\n<\/ul>\n<h2><strong>Como utilizo o meu e-Card Playstation Store de 50\u20ac?<\/strong><\/h2>\n<ul>\n<li>Assim que o e-Card da Playstation Store for adquirido no espa\u00e7o e-Card Fun, enviaremos o c\u00f3digo exclusivo do seu e-Card da Playstation Store por mensagem de texto e e-mail<\/li>\n<li>V\u00e1 para <a href=\"https:\/\/store.playstation.com\/\">Store.Playstation.com<\/a> e conecte-se \u00e0 sua conta Sony Entertainment Network<\/li>\n<li>Em seguida, v\u00e1 para <a href=\"https:\/\/store.playstation.com\/\">Store.Playstation.com<\/a> na se\u00e7\u00e3o Minha conta\/Utilizar c\u00f3digos Insira o c\u00f3digo exclusivo no espa\u00e7o fornecido e siga as instru\u00e7\u00f5es<\/li>\n<li>Sua conta da Sony Entertainment Network ser\u00e1 creditada com o valor do e-Card<\/li>\n<\/ul>\n","protected":false},"excerpt":{"rendered":"<p>e-card Playstation Store 50\u20ac Quer aceder aos conte\u00fados oferecidos pela Playstation Store? Este e-Card da Playstation Store de 50\u20ac permite-lhe carregar a sua conta Playstation Store com 50\u20ac. O melhor conte\u00fado da PlayStation\u00aeStore, acess\u00edvel no seu PS5, PS4, PS3 ou PS Vita: Jogos e extens\u00f5es Filmes M\u00fasica Avatares e temas Informa\u00e7\u00e3o importante Este e-Card s\u00f3 [&hellip;]<\/p>\n","protected":false},"featured_media":241,"comment_status":"open","ping_status":"closed","template":"","meta":[],"product_cat":[21],"product_tag":[27,29,28,24],"yoast_head":"<!-- This site is optimized with the Yoast SEO plugin v19.8 - https:\/\/yoast.com\/wordpress\/plugins\/seo\/ -->\n<title>e-Card Playstation Store 50\u20ac - e-cards Fun<\/title>\n<meta name=\"robots\" content=\"index, follow, max-snippet:-1, max-image-preview:large, max-video-preview:-1\" \/>\n<link rel=\"canonical\" href=\"https:\/\/ecards.orange.com\/gw\/produto\/e-card-playstation-store-50-euros\/\" \/>\n<meta property=\"og:locale\" content=\"pt_PT\" \/>\n<meta property=\"og:type\" content=\"article\" \/>\n<meta property=\"og:title\" content=\"e-Card Playstation Store 50\u20ac - e-cards Fun\" \/>\n<meta property=\"og:description\" content=\"e-card Playstation Store 50\u20ac Quer aceder aos conte\u00fados oferecidos pela Playstation Store? Este e-Card da Playstation Store de 50\u20ac permite-lhe carregar a sua conta Playstation Store com 50\u20ac. O melhor conte\u00fado da PlayStation\u00aeStore, acess\u00edvel no seu PS5, PS4, PS3 ou PS Vita: Jogos e extens\u00f5es Filmes M\u00fasica Avatares e temas Informa\u00e7\u00e3o importante Este e-Card s\u00f3 [&hellip;]\" \/>\n<meta property=\"og:url\" content=\"https:\/\/ecards.orange.com\/gw\/produto\/e-card-playstation-store-50-euros\/\" \/>\n<meta property=\"og:site_name\" content=\"e-cards Fun\" \/>\n<meta property=\"article:modified_time\" content=\"2026-01-09T23:34:17+00:00\" \/>\n<meta property=\"og:image\" content=\"https:\/\/ecards.orange.com\/gw\/wp-content\/uploads\/9c69331c1035031cf95dd52ab394d1d7b33ec6cd.png\" \/>\n\t<meta property=\"og:image:width\" content=\"368\" \/>\n\t<meta property=\"og:image:height\" content=\"233\" \/>\n\t<meta property=\"og:image:type\" content=\"image\/png\" \/>\n<meta name=\"twitter:card\" content=\"summary_large_image\" \/>\n<meta name=\"twitter:label1\" content=\"Tempo estimado de leitura\" \/>\n\t<meta name=\"twitter:data1\" content=\"1 minuto\" \/>\n<script type=\"application\/ld+json\" class=\"yoast-schema-graph\">{\"@context\":\"https:\/\/schema.org\",\"@graph\":[{\"@type\":\"WebPage\",\"@id\":\"https:\/\/ecards.orange.com\/gw\/produto\/e-card-playstation-store-50-euros\/\",\"url\":\"https:\/\/ecards.orange.com\/gw\/produto\/e-card-playstation-store-50-euros\/\",\"name\":\"e-Card Playstation Store 50\u20ac - e-cards Fun\",\"isPartOf\":{\"@id\":\"https:\/\/ecards.orange.com\/gw\/#website\"},\"datePublished\":\"2022-10-21T09:26:18+00:00\",\"dateModified\":\"2026-01-09T23:34:17+00:00\",\"breadcrumb\":{\"@id\":\"https:\/\/ecards.orange.com\/gw\/produto\/e-card-playstation-store-50-euros\/#breadcrumb\"},\"inLanguage\":\"pt-PT\",\"potentialAction\":[{\"@type\":\"ReadAction\",\"target\":[\"https:\/\/ecards.orange.com\/gw\/produto\/e-card-playstation-store-50-euros\/\"]}]},{\"@type\":\"BreadcrumbList\",\"@id\":\"https:\/\/ecards.orange.com\/gw\/produto\/e-card-playstation-store-50-euros\/#breadcrumb\",\"itemListElement\":[{\"@type\":\"ListItem\",\"position\":1,\"name\":\"Accueil\",\"item\":\"https:\/\/ecards.orange.com\/gw\/\"},{\"@type\":\"ListItem\",\"position\":2,\"name\":\"e-Card Playstation Store 50\u20ac\"}]},{\"@type\":\"WebSite\",\"@id\":\"https:\/\/ecards.orange.com\/gw\/#website\",\"url\":\"https:\/\/ecards.orange.com\/gw\/\",\"name\":\"e-cards Fun\",\"description\":\"\",\"publisher\":{\"@id\":\"https:\/\/ecards.orange.com\/gw\/#organization\"},\"potentialAction\":[{\"@type\":\"SearchAction\",\"target\":{\"@type\":\"EntryPoint\",\"urlTemplate\":\"https:\/\/ecards.orange.com\/gw\/?s={search_term_string}\"},\"query-input\":\"required name=search_term_string\"}],\"inLanguage\":\"pt-PT\"},{\"@type\":\"Organization\",\"@id\":\"https:\/\/ecards.orange.com\/gw\/#organization\",\"name\":\"e-cards Fun\",\"url\":\"https:\/\/ecards.orange.com\/gw\/\",\"sameAs\":[],\"logo\":{\"@type\":\"ImageObject\",\"inLanguage\":\"pt-PT\",\"@id\":\"https:\/\/ecards.orange.com\/gw\/#\/schema\/logo\/image\/\",\"url\":\"https:\/\/ecards.orange.com\/gw\/wp-content\/uploads\/cropped-205px-Orange_logo-1.png\",\"contentUrl\":\"https:\/\/ecards.orange.com\/gw\/wp-content\/uploads\/cropped-205px-Orange_logo-1.png\",\"width\":205,\"height\":205,\"caption\":\"e-cards Fun\"},\"image\":{\"@id\":\"https:\/\/ecards.orange.com\/gw\/#\/schema\/logo\/image\/\"}}]}<\/script>\n<!-- \/ Yoast SEO plugin. -->","yoast_head_json":{"title":"e-Card Playstation Store 50\u20ac - e-cards Fun","robots":{"index":"index","follow":"follow","max-snippet":"max-snippet:-1","max-image-preview":"max-image-preview:large","max-video-preview":"max-video-preview:-1"},"canonical":"https:\/\/ecards.orange.com\/gw\/produto\/e-card-playstation-store-50-euros\/","og_locale":"pt_PT","og_type":"article","og_title":"e-Card Playstation Store 50\u20ac - e-cards Fun","og_description":"e-card Playstation Store 50\u20ac Quer aceder aos conte\u00fados oferecidos pela Playstation Store? Este e-Card da Playstation Store de 50\u20ac permite-lhe carregar a sua conta Playstation Store com 50\u20ac. O melhor conte\u00fado da PlayStation\u00aeStore, acess\u00edvel no seu PS5, PS4, PS3 ou PS Vita: Jogos e extens\u00f5es Filmes M\u00fasica Avatares e temas Informa\u00e7\u00e3o importante Este e-Card s\u00f3 [&hellip;]","og_url":"https:\/\/ecards.orange.com\/gw\/produto\/e-card-playstation-store-50-euros\/","og_site_name":"e-cards Fun","article_modified_time":"2026-01-09T23:34:17+00:00","og_image":[{"width":368,"height":233,"url":"https:\/\/ecards.orange.com\/gw\/wp-content\/uploads\/9c69331c1035031cf95dd52ab394d1d7b33ec6cd.png","type":"image\/png"}],"twitter_card":"summary_large_image","twitter_misc":{"Tempo estimado de leitura":"1 minuto"},"schema":{"@context":"https:\/\/schema.org","@graph":[{"@type":"WebPage","@id":"https:\/\/ecards.orange.com\/gw\/produto\/e-card-playstation-store-50-euros\/","url":"https:\/\/ecards.orange.com\/gw\/produto\/e-card-playstation-store-50-euros\/","name":"e-Card Playstation Store 50\u20ac - e-cards Fun","isPartOf":{"@id":"https:\/\/ecards.orange.com\/gw\/#website"},"datePublished":"2022-10-21T09:26:18+00:00","dateModified":"2026-01-09T23:34:17+00:00","breadcrumb":{"@id":"https:\/\/ecards.orange.com\/gw\/produto\/e-card-playstation-store-50-euros\/#breadcrumb"},"inLanguage":"pt-PT","potentialAction":[{"@type":"ReadAction","target":["https:\/\/ecards.orange.com\/gw\/produto\/e-card-playstation-store-50-euros\/"]}]},{"@type":"BreadcrumbList","@id":"https:\/\/ecards.orange.com\/gw\/produto\/e-card-playstation-store-50-euros\/#breadcrumb","itemListElement":[{"@type":"ListItem","position":1,"name":"Accueil","item":"https:\/\/ecards.orange.com\/gw\/"},{"@type":"ListItem","position":2,"name":"e-Card Playstation Store 50\u20ac"}]},{"@type":"WebSite","@id":"https:\/\/ecards.orange.com\/gw\/#website","url":"https:\/\/ecards.orange.com\/gw\/","name":"e-cards Fun","description":"","publisher":{"@id":"https:\/\/ecards.orange.com\/gw\/#organization"},"potentialAction":[{"@type":"SearchAction","target":{"@type":"EntryPoint","urlTemplate":"https:\/\/ecards.orange.com\/gw\/?s={search_term_string}"},"query-input":"required name=search_term_string"}],"inLanguage":"pt-PT"},{"@type":"Organization","@id":"https:\/\/ecards.orange.com\/gw\/#organization","name":"e-cards Fun","url":"https:\/\/ecards.orange.com\/gw\/","sameAs":[],"logo":{"@type":"ImageObject","inLanguage":"pt-PT","@id":"https:\/\/ecards.orange.com\/gw\/#\/schema\/logo\/image\/","url":"https:\/\/ecards.orange.com\/gw\/wp-content\/uploads\/cropped-205px-Orange_logo-1.png","contentUrl":"https:\/\/ecards.orange.com\/gw\/wp-content\/uploads\/cropped-205px-Orange_logo-1.png","width":205,"height":205,"caption":"e-cards Fun"},"image":{"@id":"https:\/\/ecards.orange.com\/gw\/#\/schema\/logo\/image\/"}}]}},"_links":{"self":[{"href":"https:\/\/ecards.orange.com\/gw\/wp-json\/wp\/v2\/product\/542"}],"collection":[{"href":"https:\/\/ecards.orange.com\/gw\/wp-json\/wp\/v2\/product"}],"about":[{"href":"https:\/\/ecards.orange.com\/gw\/wp-json\/wp\/v2\/types\/product"}],"replies":[{"embeddable":true,"href":"https:\/\/ecards.orange.com\/gw\/wp-json\/wp\/v2\/comments?post=542"}],"wp:featuredmedia":[{"embeddable":true,"href":"https:\/\/ecards.orange.com\/gw\/wp-json\/wp\/v2\/media\/241"}],"wp:attachment":[{"href":"https:\/\/ecards.orange.com\/gw\/wp-json\/wp\/v2\/media?parent=542"}],"wp:term":[{"taxonomy":"product_cat","embeddable":true,"href":"https:\/\/ecards.orange.com\/gw\/wp-json\/wp\/v2\/product_cat?post=542"},{"taxonomy":"product_tag","embeddable":true,"href":"https:\/\/ecards.orange.com\/gw\/wp-json\/wp\/v2\/product_tag?post=542"}],"curies":[{"name":"wp","href":"https:\/\/api.w.org\/{rel}","templated":true}]}}