{"id":539,"date":"2022-10-21T09:02:37","date_gmt":"2022-10-21T09:02:37","guid":{"rendered":"https:\/\/ecards.orange.com\/gw\/?post_type=product&#038;p=539"},"modified":"2025-08-26T13:28:52","modified_gmt":"2025-08-26T13:28:52","slug":"e-card-netflix-30-dollars","status":"publish","type":"product","link":"https:\/\/ecards.orange.com\/gw\/produto\/e-card-netflix-30-dollars\/","title":{"rendered":"e-Card Netflix 30$"},"content":{"rendered":"<h1>e-Card Netflix $30<\/h1>\n<p>Quer acessar o servi\u00e7o Netflix e assistir suas s\u00e9ries e filmes favoritos? Este e-Card Netflix de $30 permite que recarregue sua conta Netflix com $30 e pague sua assinatura Netflix.<\/p>\n<p>&nbsp;<\/p>\n<h2><strong>Informa\u00e7\u00f5es importantes<\/strong><\/h2>\n<ul>\n<li>ATEN\u00c7\u00c3O: Este e-Card \u00e9 v\u00e1lido apenas para Netflix, em uma conta Netflix em D\u00d3LARES AMERICANOS.<\/li>\n<li>ATEN\u00c7\u00c3O: Este e-Card n\u00e3o permite que abra uma conta Netflix, apenas recarreg\u00e1-la<\/li>\n<li>Este e-Card n\u00e3o pode ser trocado nem reembolsado.<\/li>\n<li>Data de validade: Nenhuma<\/li>\n<li>Oferta sujeita a todos os termos e condi\u00e7\u00f5es dispon\u00edveis em <a href=\"https:\/\/help.netflix.com\/legal\/giftterms\" target=\"_blank\" rel=\"noopener noreferrer\">Netflix.com<\/a><\/li>\n<\/ul>\n<h2><strong>Como uso meu e-Card Netflix de US$ 30?<\/strong><\/h2>\n<ul>\n<li>Assim que o seu e-Card Netflix for adquirido no espa\u00e7o e-Card Fun, enviaremos o seu c\u00f3digo exclusivo e-Card Netflix por mensagem de texto e e-mail<\/li>\n<li>Acesse o aplicativo m\u00f3vel Netflix ou <a href=\"http:\/\/www.Netflix.com\/pt\/\" target=\"_blank\" rel=\"noopener noreferrer\">Netflix.com<\/a> e acesse a sua conta Netflix<\/li>\n<li>Em seguida, acesse <a href=\"https:\/\/www.netflix.com\/pt\/redeem\" target=\"_blank\" rel=\"noopener noreferrer\">https:\/\/www.netflix.com\/<\/a> e insira o c\u00f3digo exclusivo no espa\u00e7o fornecido<\/li>\n<li>Sua conta Netflix \u00e9 ent\u00e3o creditada com o valor do e-Card<\/li>\n<\/ul>\n","protected":false},"excerpt":{"rendered":"<p>e-Card Netflix $30 Quer acessar o servi\u00e7o Netflix e assistir suas s\u00e9ries e filmes favoritos? Este e-Card Netflix de $30 permite que recarregue sua conta Netflix com $30 e pague sua assinatura Netflix. &nbsp; Informa\u00e7\u00f5es importantes ATEN\u00c7\u00c3O: Este e-Card \u00e9 v\u00e1lido apenas para Netflix, em uma conta Netflix em D\u00d3LARES AMERICANOS. ATEN\u00c7\u00c3O: Este e-Card n\u00e3o [&hellip;]<\/p>\n","protected":false},"featured_media":590,"comment_status":"open","ping_status":"closed","template":"","meta":[],"product_cat":[37],"product_tag":[],"yoast_head":"<!-- This site is optimized with the Yoast SEO plugin v19.8 - https:\/\/yoast.com\/wordpress\/plugins\/seo\/ -->\n<title>e-Card Netflix 30$ - e-cards Fun<\/title>\n<meta name=\"robots\" content=\"index, follow, max-snippet:-1, max-image-preview:large, max-video-preview:-1\" \/>\n<link rel=\"canonical\" href=\"https:\/\/ecards.orange.com\/gw\/produto\/e-card-netflix-30-dollars\/\" \/>\n<meta property=\"og:locale\" content=\"pt_PT\" \/>\n<meta property=\"og:type\" content=\"article\" \/>\n<meta property=\"og:title\" content=\"e-Card Netflix 30$ - e-cards Fun\" \/>\n<meta property=\"og:description\" content=\"e-Card Netflix $30 Quer acessar o servi\u00e7o Netflix e assistir suas s\u00e9ries e filmes favoritos? Este e-Card Netflix de $30 permite que recarregue sua conta Netflix com $30 e pague sua assinatura Netflix. &nbsp; Informa\u00e7\u00f5es importantes ATEN\u00c7\u00c3O: Este e-Card \u00e9 v\u00e1lido apenas para Netflix, em uma conta Netflix em D\u00d3LARES AMERICANOS. ATEN\u00c7\u00c3O: Este e-Card n\u00e3o [&hellip;]\" \/>\n<meta property=\"og:url\" content=\"https:\/\/ecards.orange.com\/gw\/produto\/e-card-netflix-30-dollars\/\" \/>\n<meta property=\"og:site_name\" content=\"e-cards Fun\" \/>\n<meta property=\"article:modified_time\" content=\"2025-08-26T13:28:52+00:00\" \/>\n<meta property=\"og:image\" content=\"https:\/\/ecards.orange.com\/gw\/wp-content\/uploads\/Carte-Netflix_dollars_portuguese-1024x649-1.png\" \/>\n\t<meta property=\"og:image:width\" content=\"1500\" \/>\n\t<meta property=\"og:image:height\" content=\"950\" \/>\n\t<meta property=\"og:image:type\" content=\"image\/png\" \/>\n<meta name=\"twitter:card\" content=\"summary_large_image\" \/>\n<meta name=\"twitter:label1\" content=\"Tempo estimado de leitura\" \/>\n\t<meta name=\"twitter:data1\" content=\"1 minuto\" \/>\n<script type=\"application\/ld+json\" class=\"yoast-schema-graph\">{\"@context\":\"https:\/\/schema.org\",\"@graph\":[{\"@type\":\"WebPage\",\"@id\":\"https:\/\/ecards.orange.com\/gw\/produto\/e-card-netflix-30-dollars\/\",\"url\":\"https:\/\/ecards.orange.com\/gw\/produto\/e-card-netflix-30-dollars\/\",\"name\":\"e-Card Netflix 30$ - e-cards Fun\",\"isPartOf\":{\"@id\":\"https:\/\/ecards.orange.com\/gw\/#website\"},\"datePublished\":\"2022-10-21T09:02:37+00:00\",\"dateModified\":\"2025-08-26T13:28:52+00:00\",\"breadcrumb\":{\"@id\":\"https:\/\/ecards.orange.com\/gw\/produto\/e-card-netflix-30-dollars\/#breadcrumb\"},\"inLanguage\":\"pt-PT\",\"potentialAction\":[{\"@type\":\"ReadAction\",\"target\":[\"https:\/\/ecards.orange.com\/gw\/produto\/e-card-netflix-30-dollars\/\"]}]},{\"@type\":\"BreadcrumbList\",\"@id\":\"https:\/\/ecards.orange.com\/gw\/produto\/e-card-netflix-30-dollars\/#breadcrumb\",\"itemListElement\":[{\"@type\":\"ListItem\",\"position\":1,\"name\":\"Accueil\",\"item\":\"https:\/\/ecards.orange.com\/gw\/\"},{\"@type\":\"ListItem\",\"position\":2,\"name\":\"e-Card Netflix 30$\"}]},{\"@type\":\"WebSite\",\"@id\":\"https:\/\/ecards.orange.com\/gw\/#website\",\"url\":\"https:\/\/ecards.orange.com\/gw\/\",\"name\":\"e-cards Fun\",\"description\":\"\",\"publisher\":{\"@id\":\"https:\/\/ecards.orange.com\/gw\/#organization\"},\"potentialAction\":[{\"@type\":\"SearchAction\",\"target\":{\"@type\":\"EntryPoint\",\"urlTemplate\":\"https:\/\/ecards.orange.com\/gw\/?s={search_term_string}\"},\"query-input\":\"required name=search_term_string\"}],\"inLanguage\":\"pt-PT\"},{\"@type\":\"Organization\",\"@id\":\"https:\/\/ecards.orange.com\/gw\/#organization\",\"name\":\"e-cards Fun\",\"url\":\"https:\/\/ecards.orange.com\/gw\/\",\"sameAs\":[],\"logo\":{\"@type\":\"ImageObject\",\"inLanguage\":\"pt-PT\",\"@id\":\"https:\/\/ecards.orange.com\/gw\/#\/schema\/logo\/image\/\",\"url\":\"https:\/\/ecards.orange.com\/gw\/wp-content\/uploads\/cropped-205px-Orange_logo-1.png\",\"contentUrl\":\"https:\/\/ecards.orange.com\/gw\/wp-content\/uploads\/cropped-205px-Orange_logo-1.png\",\"width\":205,\"height\":205,\"caption\":\"e-cards Fun\"},\"image\":{\"@id\":\"https:\/\/ecards.orange.com\/gw\/#\/schema\/logo\/image\/\"}}]}<\/script>\n<!-- \/ Yoast SEO plugin. -->","yoast_head_json":{"title":"e-Card Netflix 30$ - e-cards Fun","robots":{"index":"index","follow":"follow","max-snippet":"max-snippet:-1","max-image-preview":"max-image-preview:large","max-video-preview":"max-video-preview:-1"},"canonical":"https:\/\/ecards.orange.com\/gw\/produto\/e-card-netflix-30-dollars\/","og_locale":"pt_PT","og_type":"article","og_title":"e-Card Netflix 30$ - e-cards Fun","og_description":"e-Card Netflix $30 Quer acessar o servi\u00e7o Netflix e assistir suas s\u00e9ries e filmes favoritos? Este e-Card Netflix de $30 permite que recarregue sua conta Netflix com $30 e pague sua assinatura Netflix. &nbsp; Informa\u00e7\u00f5es importantes ATEN\u00c7\u00c3O: Este e-Card \u00e9 v\u00e1lido apenas para Netflix, em uma conta Netflix em D\u00d3LARES AMERICANOS. ATEN\u00c7\u00c3O: Este e-Card n\u00e3o [&hellip;]","og_url":"https:\/\/ecards.orange.com\/gw\/produto\/e-card-netflix-30-dollars\/","og_site_name":"e-cards Fun","article_modified_time":"2025-08-26T13:28:52+00:00","og_image":[{"width":1500,"height":950,"url":"https:\/\/ecards.orange.com\/gw\/wp-content\/uploads\/Carte-Netflix_dollars_portuguese-1024x649-1.png","type":"image\/png"}],"twitter_card":"summary_large_image","twitter_misc":{"Tempo estimado de leitura":"1 minuto"},"schema":{"@context":"https:\/\/schema.org","@graph":[{"@type":"WebPage","@id":"https:\/\/ecards.orange.com\/gw\/produto\/e-card-netflix-30-dollars\/","url":"https:\/\/ecards.orange.com\/gw\/produto\/e-card-netflix-30-dollars\/","name":"e-Card Netflix 30$ - e-cards Fun","isPartOf":{"@id":"https:\/\/ecards.orange.com\/gw\/#website"},"datePublished":"2022-10-21T09:02:37+00:00","dateModified":"2025-08-26T13:28:52+00:00","breadcrumb":{"@id":"https:\/\/ecards.orange.com\/gw\/produto\/e-card-netflix-30-dollars\/#breadcrumb"},"inLanguage":"pt-PT","potentialAction":[{"@type":"ReadAction","target":["https:\/\/ecards.orange.com\/gw\/produto\/e-card-netflix-30-dollars\/"]}]},{"@type":"BreadcrumbList","@id":"https:\/\/ecards.orange.com\/gw\/produto\/e-card-netflix-30-dollars\/#breadcrumb","itemListElement":[{"@type":"ListItem","position":1,"name":"Accueil","item":"https:\/\/ecards.orange.com\/gw\/"},{"@type":"ListItem","position":2,"name":"e-Card Netflix 30$"}]},{"@type":"WebSite","@id":"https:\/\/ecards.orange.com\/gw\/#website","url":"https:\/\/ecards.orange.com\/gw\/","name":"e-cards Fun","description":"","publisher":{"@id":"https:\/\/ecards.orange.com\/gw\/#organization"},"potentialAction":[{"@type":"SearchAction","target":{"@type":"EntryPoint","urlTemplate":"https:\/\/ecards.orange.com\/gw\/?s={search_term_string}"},"query-input":"required name=search_term_string"}],"inLanguage":"pt-PT"},{"@type":"Organization","@id":"https:\/\/ecards.orange.com\/gw\/#organization","name":"e-cards Fun","url":"https:\/\/ecards.orange.com\/gw\/","sameAs":[],"logo":{"@type":"ImageObject","inLanguage":"pt-PT","@id":"https:\/\/ecards.orange.com\/gw\/#\/schema\/logo\/image\/","url":"https:\/\/ecards.orange.com\/gw\/wp-content\/uploads\/cropped-205px-Orange_logo-1.png","contentUrl":"https:\/\/ecards.orange.com\/gw\/wp-content\/uploads\/cropped-205px-Orange_logo-1.png","width":205,"height":205,"caption":"e-cards Fun"},"image":{"@id":"https:\/\/ecards.orange.com\/gw\/#\/schema\/logo\/image\/"}}]}},"_links":{"self":[{"href":"https:\/\/ecards.orange.com\/gw\/wp-json\/wp\/v2\/product\/539"}],"collection":[{"href":"https:\/\/ecards.orange.com\/gw\/wp-json\/wp\/v2\/product"}],"about":[{"href":"https:\/\/ecards.orange.com\/gw\/wp-json\/wp\/v2\/types\/product"}],"replies":[{"embeddable":true,"href":"https:\/\/ecards.orange.com\/gw\/wp-json\/wp\/v2\/comments?post=539"}],"wp:featuredmedia":[{"embeddable":true,"href":"https:\/\/ecards.orange.com\/gw\/wp-json\/wp\/v2\/media\/590"}],"wp:attachment":[{"href":"https:\/\/ecards.orange.com\/gw\/wp-json\/wp\/v2\/media?parent=539"}],"wp:term":[{"taxonomy":"product_cat","embeddable":true,"href":"https:\/\/ecards.orange.com\/gw\/wp-json\/wp\/v2\/product_cat?post=539"},{"taxonomy":"product_tag","embeddable":true,"href":"https:\/\/ecards.orange.com\/gw\/wp-json\/wp\/v2\/product_tag?post=539"}],"curies":[{"name":"wp","href":"https:\/\/api.w.org\/{rel}","templated":true}]}}