{"id":351,"date":"2020-09-25T16:42:06","date_gmt":"2020-09-25T16:42:06","guid":{"rendered":"https:\/\/ecards.orange.com\/gw\/\/?post_type=product&#038;p=351"},"modified":"2026-01-11T11:17:12","modified_gmt":"2026-01-11T11:17:12","slug":"e-card-amazon-10-euros","status":"publish","type":"product","link":"https:\/\/ecards.orange.com\/gw\/produto\/e-card-amazon-10-euros\/","title":{"rendered":"e-Card Amazon 10\u20ac"},"content":{"rendered":"<h1>e-Card Amazon 10\u20ac<\/h1>\n<p>Este e-Card Amazon 10\u20ac permite-lhe recarregar a sua conta Amazon.fr com 10\u20ac e encomendar artigos na Amazon.fr.<\/p>\n<h2><strong>Informa\u00e7\u00f5es importantes<\/strong><\/h2>\n<ul>\n<li>Este e-Card \u00e9 v\u00e1lido apenas para Amazon.fr, em uma conta Amazon.fr em euros.<\/li>\n<li>Este e-Card n\u00e3o pode ser trocado nem reembolsado<\/li>\n<li>Data de validade: 2030<\/li>\n<li>Oferta sujeita a todos os termos e <a href=\"https:\/\/www.amazon.fr\/gp\/help\/customer\/display.html%3FnodeId=548558&amp;app-nav-type=modal\/ref=gcui_b_e_tc_c_d\">condi\u00e7\u00f5es de uso de vales-presente da Amazon.fr<\/a><\/li>\n<\/ul>\n<h2><strong>Como uso meu e-Card Amazon de \u20ac 10?<br \/>\n<\/strong><\/h2>\n<ul>\n<li>Assim que o seu Amazon e-Card for comprado na espa\u00e7o e-Card Fun, enviaremos o c\u00f3digo exclusivo do seu Amazon e-Card por mensagem de texto e e-mail<\/li>\n<li>V\u00e1 ao <a href=\"https:\/\/www.amazon.fr\/\">Amazon.fr<\/a> e fa\u00e7a login em sua conta Amazon<\/li>\n<li>Em seguida, v\u00e1 para a se\u00e7\u00e3o Sua Conta, Vales-presente e Recarga, &#8220;Adicione \u00e0 sua conta&#8221; e insira o c\u00f3digo exclusivo no espa\u00e7o fornecido (&#8220;<strong>Insira o c\u00f3digo do vale-presente<\/strong>&#8220;)<\/li>\n<li>Sua conta Amazon.fr \u00e9 ent\u00e3o creditada com o valor do e-Card<\/li>\n<li>O saldo da conta do vale-presente \u00e9 usado automaticamente para pagar os pedidos eleg\u00edveis<\/li>\n<li>Se o saldo da conta do vale-presente n\u00e3o cobrir o valor total do pedido, o restante deve ser pago com outra forma de pagamento<\/li>\n<\/ul>\n","protected":false},"excerpt":{"rendered":"<p>e-Card Amazon 10\u20ac Este e-Card Amazon 10\u20ac permite-lhe recarregar a sua conta Amazon.fr com 10\u20ac e encomendar artigos na Amazon.fr. Informa\u00e7\u00f5es importantes Este e-Card \u00e9 v\u00e1lido apenas para Amazon.fr, em uma conta Amazon.fr em euros. Este e-Card n\u00e3o pode ser trocado nem reembolsado Data de validade: 2030 Oferta sujeita a todos os termos e condi\u00e7\u00f5es [&hellip;]<\/p>\n","protected":false},"featured_media":235,"comment_status":"open","ping_status":"closed","template":"","meta":[],"product_cat":[39],"product_tag":[],"yoast_head":"<!-- This site is optimized with the Yoast SEO plugin v19.8 - https:\/\/yoast.com\/wordpress\/plugins\/seo\/ -->\n<title>e-Card Amazon 10\u20ac - e-cards Fun<\/title>\n<meta name=\"robots\" content=\"index, follow, max-snippet:-1, max-image-preview:large, max-video-preview:-1\" \/>\n<link rel=\"canonical\" href=\"https:\/\/ecards.orange.com\/gw\/produto\/e-card-amazon-10-euros\/\" \/>\n<meta property=\"og:locale\" content=\"pt_PT\" \/>\n<meta property=\"og:type\" content=\"article\" \/>\n<meta property=\"og:title\" content=\"e-Card Amazon 10\u20ac - e-cards Fun\" \/>\n<meta property=\"og:description\" content=\"e-Card Amazon 10\u20ac Este e-Card Amazon 10\u20ac permite-lhe recarregar a sua conta Amazon.fr com 10\u20ac e encomendar artigos na Amazon.fr. Informa\u00e7\u00f5es importantes Este e-Card \u00e9 v\u00e1lido apenas para Amazon.fr, em uma conta Amazon.fr em euros. Este e-Card n\u00e3o pode ser trocado nem reembolsado Data de validade: 2030 Oferta sujeita a todos os termos e condi\u00e7\u00f5es [&hellip;]\" \/>\n<meta property=\"og:url\" content=\"https:\/\/ecards.orange.com\/gw\/produto\/e-card-amazon-10-euros\/\" \/>\n<meta property=\"og:site_name\" content=\"e-cards Fun\" \/>\n<meta property=\"article:modified_time\" content=\"2026-01-11T11:17:12+00:00\" \/>\n<meta property=\"og:image\" content=\"https:\/\/ecards.orange.com\/gw\/wp-content\/uploads\/2e08b174942aedae636fc743814caf0e8243207f.png\" \/>\n\t<meta property=\"og:image:width\" content=\"1463\" \/>\n\t<meta property=\"og:image:height\" content=\"897\" \/>\n\t<meta property=\"og:image:type\" content=\"image\/png\" \/>\n<meta name=\"twitter:card\" content=\"summary_large_image\" \/>\n<meta name=\"twitter:label1\" content=\"Tempo estimado de leitura\" \/>\n\t<meta name=\"twitter:data1\" content=\"2 minutos\" \/>\n<script type=\"application\/ld+json\" class=\"yoast-schema-graph\">{\"@context\":\"https:\/\/schema.org\",\"@graph\":[{\"@type\":\"WebPage\",\"@id\":\"https:\/\/ecards.orange.com\/gw\/produto\/e-card-amazon-10-euros\/\",\"url\":\"https:\/\/ecards.orange.com\/gw\/produto\/e-card-amazon-10-euros\/\",\"name\":\"e-Card Amazon 10\u20ac - e-cards Fun\",\"isPartOf\":{\"@id\":\"https:\/\/ecards.orange.com\/gw\/#website\"},\"datePublished\":\"2020-09-25T16:42:06+00:00\",\"dateModified\":\"2026-01-11T11:17:12+00:00\",\"breadcrumb\":{\"@id\":\"https:\/\/ecards.orange.com\/gw\/produto\/e-card-amazon-10-euros\/#breadcrumb\"},\"inLanguage\":\"pt-PT\",\"potentialAction\":[{\"@type\":\"ReadAction\",\"target\":[\"https:\/\/ecards.orange.com\/gw\/produto\/e-card-amazon-10-euros\/\"]}]},{\"@type\":\"BreadcrumbList\",\"@id\":\"https:\/\/ecards.orange.com\/gw\/produto\/e-card-amazon-10-euros\/#breadcrumb\",\"itemListElement\":[{\"@type\":\"ListItem\",\"position\":1,\"name\":\"Accueil\",\"item\":\"https:\/\/ecards.orange.com\/gw\/\"},{\"@type\":\"ListItem\",\"position\":2,\"name\":\"e-Card Amazon 10\u20ac\"}]},{\"@type\":\"WebSite\",\"@id\":\"https:\/\/ecards.orange.com\/gw\/#website\",\"url\":\"https:\/\/ecards.orange.com\/gw\/\",\"name\":\"e-cards Fun\",\"description\":\"\",\"publisher\":{\"@id\":\"https:\/\/ecards.orange.com\/gw\/#organization\"},\"potentialAction\":[{\"@type\":\"SearchAction\",\"target\":{\"@type\":\"EntryPoint\",\"urlTemplate\":\"https:\/\/ecards.orange.com\/gw\/?s={search_term_string}\"},\"query-input\":\"required name=search_term_string\"}],\"inLanguage\":\"pt-PT\"},{\"@type\":\"Organization\",\"@id\":\"https:\/\/ecards.orange.com\/gw\/#organization\",\"name\":\"e-cards Fun\",\"url\":\"https:\/\/ecards.orange.com\/gw\/\",\"sameAs\":[],\"logo\":{\"@type\":\"ImageObject\",\"inLanguage\":\"pt-PT\",\"@id\":\"https:\/\/ecards.orange.com\/gw\/#\/schema\/logo\/image\/\",\"url\":\"https:\/\/ecards.orange.com\/gw\/wp-content\/uploads\/cropped-205px-Orange_logo-1.png\",\"contentUrl\":\"https:\/\/ecards.orange.com\/gw\/wp-content\/uploads\/cropped-205px-Orange_logo-1.png\",\"width\":205,\"height\":205,\"caption\":\"e-cards Fun\"},\"image\":{\"@id\":\"https:\/\/ecards.orange.com\/gw\/#\/schema\/logo\/image\/\"}}]}<\/script>\n<!-- \/ Yoast SEO plugin. -->","yoast_head_json":{"title":"e-Card Amazon 10\u20ac - e-cards Fun","robots":{"index":"index","follow":"follow","max-snippet":"max-snippet:-1","max-image-preview":"max-image-preview:large","max-video-preview":"max-video-preview:-1"},"canonical":"https:\/\/ecards.orange.com\/gw\/produto\/e-card-amazon-10-euros\/","og_locale":"pt_PT","og_type":"article","og_title":"e-Card Amazon 10\u20ac - e-cards Fun","og_description":"e-Card Amazon 10\u20ac Este e-Card Amazon 10\u20ac permite-lhe recarregar a sua conta Amazon.fr com 10\u20ac e encomendar artigos na Amazon.fr. Informa\u00e7\u00f5es importantes Este e-Card \u00e9 v\u00e1lido apenas para Amazon.fr, em uma conta Amazon.fr em euros. Este e-Card n\u00e3o pode ser trocado nem reembolsado Data de validade: 2030 Oferta sujeita a todos os termos e condi\u00e7\u00f5es [&hellip;]","og_url":"https:\/\/ecards.orange.com\/gw\/produto\/e-card-amazon-10-euros\/","og_site_name":"e-cards Fun","article_modified_time":"2026-01-11T11:17:12+00:00","og_image":[{"width":1463,"height":897,"url":"https:\/\/ecards.orange.com\/gw\/wp-content\/uploads\/2e08b174942aedae636fc743814caf0e8243207f.png","type":"image\/png"}],"twitter_card":"summary_large_image","twitter_misc":{"Tempo estimado de leitura":"2 minutos"},"schema":{"@context":"https:\/\/schema.org","@graph":[{"@type":"WebPage","@id":"https:\/\/ecards.orange.com\/gw\/produto\/e-card-amazon-10-euros\/","url":"https:\/\/ecards.orange.com\/gw\/produto\/e-card-amazon-10-euros\/","name":"e-Card Amazon 10\u20ac - e-cards Fun","isPartOf":{"@id":"https:\/\/ecards.orange.com\/gw\/#website"},"datePublished":"2020-09-25T16:42:06+00:00","dateModified":"2026-01-11T11:17:12+00:00","breadcrumb":{"@id":"https:\/\/ecards.orange.com\/gw\/produto\/e-card-amazon-10-euros\/#breadcrumb"},"inLanguage":"pt-PT","potentialAction":[{"@type":"ReadAction","target":["https:\/\/ecards.orange.com\/gw\/produto\/e-card-amazon-10-euros\/"]}]},{"@type":"BreadcrumbList","@id":"https:\/\/ecards.orange.com\/gw\/produto\/e-card-amazon-10-euros\/#breadcrumb","itemListElement":[{"@type":"ListItem","position":1,"name":"Accueil","item":"https:\/\/ecards.orange.com\/gw\/"},{"@type":"ListItem","position":2,"name":"e-Card Amazon 10\u20ac"}]},{"@type":"WebSite","@id":"https:\/\/ecards.orange.com\/gw\/#website","url":"https:\/\/ecards.orange.com\/gw\/","name":"e-cards Fun","description":"","publisher":{"@id":"https:\/\/ecards.orange.com\/gw\/#organization"},"potentialAction":[{"@type":"SearchAction","target":{"@type":"EntryPoint","urlTemplate":"https:\/\/ecards.orange.com\/gw\/?s={search_term_string}"},"query-input":"required name=search_term_string"}],"inLanguage":"pt-PT"},{"@type":"Organization","@id":"https:\/\/ecards.orange.com\/gw\/#organization","name":"e-cards Fun","url":"https:\/\/ecards.orange.com\/gw\/","sameAs":[],"logo":{"@type":"ImageObject","inLanguage":"pt-PT","@id":"https:\/\/ecards.orange.com\/gw\/#\/schema\/logo\/image\/","url":"https:\/\/ecards.orange.com\/gw\/wp-content\/uploads\/cropped-205px-Orange_logo-1.png","contentUrl":"https:\/\/ecards.orange.com\/gw\/wp-content\/uploads\/cropped-205px-Orange_logo-1.png","width":205,"height":205,"caption":"e-cards Fun"},"image":{"@id":"https:\/\/ecards.orange.com\/gw\/#\/schema\/logo\/image\/"}}]}},"_links":{"self":[{"href":"https:\/\/ecards.orange.com\/gw\/wp-json\/wp\/v2\/product\/351"}],"collection":[{"href":"https:\/\/ecards.orange.com\/gw\/wp-json\/wp\/v2\/product"}],"about":[{"href":"https:\/\/ecards.orange.com\/gw\/wp-json\/wp\/v2\/types\/product"}],"replies":[{"embeddable":true,"href":"https:\/\/ecards.orange.com\/gw\/wp-json\/wp\/v2\/comments?post=351"}],"wp:featuredmedia":[{"embeddable":true,"href":"https:\/\/ecards.orange.com\/gw\/wp-json\/wp\/v2\/media\/235"}],"wp:attachment":[{"href":"https:\/\/ecards.orange.com\/gw\/wp-json\/wp\/v2\/media?parent=351"}],"wp:term":[{"taxonomy":"product_cat","embeddable":true,"href":"https:\/\/ecards.orange.com\/gw\/wp-json\/wp\/v2\/product_cat?post=351"},{"taxonomy":"product_tag","embeddable":true,"href":"https:\/\/ecards.orange.com\/gw\/wp-json\/wp\/v2\/product_tag?post=351"}],"curies":[{"name":"wp","href":"https:\/\/api.w.org\/{rel}","templated":true}]}}