{"id":1075,"date":"2024-06-14T13:52:46","date_gmt":"2024-06-14T13:52:46","guid":{"rendered":"https:\/\/ecards.orange.com\/gw\/?post_type=product&#038;p=1075"},"modified":"2026-03-04T11:47:22","modified_gmt":"2026-03-04T11:47:22","slug":"e-card-freefire-210-diamonds","status":"publish","type":"product","link":"https:\/\/ecards.orange.com\/gw\/produto\/e-card-freefire-210-diamonds\/","title":{"rendered":"e-Card FreeFire 210 Diamonds"},"content":{"rendered":"<h1>e-Card Free Fire 210 Diamonds<\/h1>\n<p>Prepare-se para a batalha no Free Fire, um dos jogos de battle royale mais populares nas plataformas m\u00f3veis. Compita contra seus advers\u00e1rios com Diamantes do Free Fire. Os Diamantes do Free Fire s\u00e3o usados para comprar itens cosm\u00e9ticos no jogo para seu personagem e armas.<\/p>\n<h2><strong>Informa\u00e7\u00f5es importantes<\/strong><\/h2>\n<p>Este e-Card \u00e9 v\u00e1lido apenas no Free Fire.<br \/>\nEste e-Card n\u00e3o pode ser trocado nem reembolsado.<br \/>\nOferta sujeita a todos os termos de uso dispon\u00edveis na <a href=\"https:\/\/shop.garena.sg\/app\">loja Garena<\/a>.<\/p>\n<h2><strong>Como uso meu e-Card Free Fire 210 Diamantes?<\/strong><\/h2>\n<ul>\n<li>Acesse a <a href=\"https:\/\/shop.garena.sg\/app\">loja Garena<\/a><\/li>\n<li>Selecione Free Fire<\/li>\n<li>Fa\u00e7a login na sua conta atrav\u00e9s de suas redes sociais vinculadas \u00e0 sua conta ou digitando seu ID de jogador.<\/li>\n<li>Selecione Voucher Garena.<\/li>\n<li>Digite o c\u00f3digo que recebeu de n\u00f3s.<\/li>\n<li>Toque em trocar.<\/li>\n<\/ul>\n","protected":false},"excerpt":{"rendered":"<p>e-Card Free Fire 210 Diamonds Prepare-se para a batalha no Free Fire, um dos jogos de battle royale mais populares nas plataformas m\u00f3veis. Compita contra seus advers\u00e1rios com Diamantes do Free Fire. Os Diamantes do Free Fire s\u00e3o usados para comprar itens cosm\u00e9ticos no jogo para seu personagem e armas. Informa\u00e7\u00f5es importantes Este e-Card \u00e9 [&hellip;]<\/p>\n","protected":false},"featured_media":534,"comment_status":"open","ping_status":"closed","template":"","meta":[],"product_cat":[60],"product_tag":[],"yoast_head":"<!-- This site is optimized with the Yoast SEO plugin v19.8 - https:\/\/yoast.com\/wordpress\/plugins\/seo\/ -->\n<title>e-Card FreeFire 210 Diamonds - e-cards Fun<\/title>\n<meta name=\"robots\" content=\"index, follow, max-snippet:-1, max-image-preview:large, max-video-preview:-1\" \/>\n<link rel=\"canonical\" href=\"https:\/\/ecards.orange.com\/gw\/produto\/e-card-freefire-210-diamonds\/\" \/>\n<meta property=\"og:locale\" content=\"pt_PT\" \/>\n<meta property=\"og:type\" content=\"article\" \/>\n<meta property=\"og:title\" content=\"e-Card FreeFire 210 Diamonds - e-cards Fun\" \/>\n<meta property=\"og:description\" content=\"e-Card Free Fire 210 Diamonds Prepare-se para a batalha no Free Fire, um dos jogos de battle royale mais populares nas plataformas m\u00f3veis. Compita contra seus advers\u00e1rios com Diamantes do Free Fire. Os Diamantes do Free Fire s\u00e3o usados para comprar itens cosm\u00e9ticos no jogo para seu personagem e armas. Informa\u00e7\u00f5es importantes Este e-Card \u00e9 [&hellip;]\" \/>\n<meta property=\"og:url\" content=\"https:\/\/ecards.orange.com\/gw\/produto\/e-card-freefire-210-diamonds\/\" \/>\n<meta property=\"og:site_name\" content=\"e-cards Fun\" \/>\n<meta property=\"article:modified_time\" content=\"2026-03-04T11:47:22+00:00\" \/>\n<meta property=\"og:image\" content=\"https:\/\/ecards.orange.com\/gw\/wp-content\/uploads\/logo-free-fire-110-diamonds.jpg\" \/>\n\t<meta property=\"og:image:width\" content=\"800\" \/>\n\t<meta property=\"og:image:height\" content=\"800\" \/>\n\t<meta property=\"og:image:type\" content=\"image\/jpeg\" \/>\n<meta name=\"twitter:card\" content=\"summary_large_image\" \/>\n<meta name=\"twitter:label1\" content=\"Tempo estimado de leitura\" \/>\n\t<meta name=\"twitter:data1\" content=\"1 minuto\" \/>\n<script type=\"application\/ld+json\" class=\"yoast-schema-graph\">{\"@context\":\"https:\/\/schema.org\",\"@graph\":[{\"@type\":\"WebPage\",\"@id\":\"https:\/\/ecards.orange.com\/gw\/produto\/e-card-freefire-210-diamonds\/\",\"url\":\"https:\/\/ecards.orange.com\/gw\/produto\/e-card-freefire-210-diamonds\/\",\"name\":\"e-Card FreeFire 210 Diamonds - e-cards Fun\",\"isPartOf\":{\"@id\":\"https:\/\/ecards.orange.com\/gw\/#website\"},\"datePublished\":\"2024-06-14T13:52:46+00:00\",\"dateModified\":\"2026-03-04T11:47:22+00:00\",\"breadcrumb\":{\"@id\":\"https:\/\/ecards.orange.com\/gw\/produto\/e-card-freefire-210-diamonds\/#breadcrumb\"},\"inLanguage\":\"pt-PT\",\"potentialAction\":[{\"@type\":\"ReadAction\",\"target\":[\"https:\/\/ecards.orange.com\/gw\/produto\/e-card-freefire-210-diamonds\/\"]}]},{\"@type\":\"BreadcrumbList\",\"@id\":\"https:\/\/ecards.orange.com\/gw\/produto\/e-card-freefire-210-diamonds\/#breadcrumb\",\"itemListElement\":[{\"@type\":\"ListItem\",\"position\":1,\"name\":\"Accueil\",\"item\":\"https:\/\/ecards.orange.com\/gw\/\"},{\"@type\":\"ListItem\",\"position\":2,\"name\":\"e-Card FreeFire 210 Diamonds\"}]},{\"@type\":\"WebSite\",\"@id\":\"https:\/\/ecards.orange.com\/gw\/#website\",\"url\":\"https:\/\/ecards.orange.com\/gw\/\",\"name\":\"e-cards Fun\",\"description\":\"\",\"publisher\":{\"@id\":\"https:\/\/ecards.orange.com\/gw\/#organization\"},\"potentialAction\":[{\"@type\":\"SearchAction\",\"target\":{\"@type\":\"EntryPoint\",\"urlTemplate\":\"https:\/\/ecards.orange.com\/gw\/?s={search_term_string}\"},\"query-input\":\"required name=search_term_string\"}],\"inLanguage\":\"pt-PT\"},{\"@type\":\"Organization\",\"@id\":\"https:\/\/ecards.orange.com\/gw\/#organization\",\"name\":\"e-cards Fun\",\"url\":\"https:\/\/ecards.orange.com\/gw\/\",\"sameAs\":[],\"logo\":{\"@type\":\"ImageObject\",\"inLanguage\":\"pt-PT\",\"@id\":\"https:\/\/ecards.orange.com\/gw\/#\/schema\/logo\/image\/\",\"url\":\"https:\/\/ecards.orange.com\/gw\/wp-content\/uploads\/cropped-205px-Orange_logo-1.png\",\"contentUrl\":\"https:\/\/ecards.orange.com\/gw\/wp-content\/uploads\/cropped-205px-Orange_logo-1.png\",\"width\":205,\"height\":205,\"caption\":\"e-cards Fun\"},\"image\":{\"@id\":\"https:\/\/ecards.orange.com\/gw\/#\/schema\/logo\/image\/\"}}]}<\/script>\n<!-- \/ Yoast SEO plugin. -->","yoast_head_json":{"title":"e-Card FreeFire 210 Diamonds - e-cards Fun","robots":{"index":"index","follow":"follow","max-snippet":"max-snippet:-1","max-image-preview":"max-image-preview:large","max-video-preview":"max-video-preview:-1"},"canonical":"https:\/\/ecards.orange.com\/gw\/produto\/e-card-freefire-210-diamonds\/","og_locale":"pt_PT","og_type":"article","og_title":"e-Card FreeFire 210 Diamonds - e-cards Fun","og_description":"e-Card Free Fire 210 Diamonds Prepare-se para a batalha no Free Fire, um dos jogos de battle royale mais populares nas plataformas m\u00f3veis. Compita contra seus advers\u00e1rios com Diamantes do Free Fire. Os Diamantes do Free Fire s\u00e3o usados para comprar itens cosm\u00e9ticos no jogo para seu personagem e armas. Informa\u00e7\u00f5es importantes Este e-Card \u00e9 [&hellip;]","og_url":"https:\/\/ecards.orange.com\/gw\/produto\/e-card-freefire-210-diamonds\/","og_site_name":"e-cards Fun","article_modified_time":"2026-03-04T11:47:22+00:00","og_image":[{"width":800,"height":800,"url":"https:\/\/ecards.orange.com\/gw\/wp-content\/uploads\/logo-free-fire-110-diamonds.jpg","type":"image\/jpeg"}],"twitter_card":"summary_large_image","twitter_misc":{"Tempo estimado de leitura":"1 minuto"},"schema":{"@context":"https:\/\/schema.org","@graph":[{"@type":"WebPage","@id":"https:\/\/ecards.orange.com\/gw\/produto\/e-card-freefire-210-diamonds\/","url":"https:\/\/ecards.orange.com\/gw\/produto\/e-card-freefire-210-diamonds\/","name":"e-Card FreeFire 210 Diamonds - e-cards Fun","isPartOf":{"@id":"https:\/\/ecards.orange.com\/gw\/#website"},"datePublished":"2024-06-14T13:52:46+00:00","dateModified":"2026-03-04T11:47:22+00:00","breadcrumb":{"@id":"https:\/\/ecards.orange.com\/gw\/produto\/e-card-freefire-210-diamonds\/#breadcrumb"},"inLanguage":"pt-PT","potentialAction":[{"@type":"ReadAction","target":["https:\/\/ecards.orange.com\/gw\/produto\/e-card-freefire-210-diamonds\/"]}]},{"@type":"BreadcrumbList","@id":"https:\/\/ecards.orange.com\/gw\/produto\/e-card-freefire-210-diamonds\/#breadcrumb","itemListElement":[{"@type":"ListItem","position":1,"name":"Accueil","item":"https:\/\/ecards.orange.com\/gw\/"},{"@type":"ListItem","position":2,"name":"e-Card FreeFire 210 Diamonds"}]},{"@type":"WebSite","@id":"https:\/\/ecards.orange.com\/gw\/#website","url":"https:\/\/ecards.orange.com\/gw\/","name":"e-cards Fun","description":"","publisher":{"@id":"https:\/\/ecards.orange.com\/gw\/#organization"},"potentialAction":[{"@type":"SearchAction","target":{"@type":"EntryPoint","urlTemplate":"https:\/\/ecards.orange.com\/gw\/?s={search_term_string}"},"query-input":"required name=search_term_string"}],"inLanguage":"pt-PT"},{"@type":"Organization","@id":"https:\/\/ecards.orange.com\/gw\/#organization","name":"e-cards Fun","url":"https:\/\/ecards.orange.com\/gw\/","sameAs":[],"logo":{"@type":"ImageObject","inLanguage":"pt-PT","@id":"https:\/\/ecards.orange.com\/gw\/#\/schema\/logo\/image\/","url":"https:\/\/ecards.orange.com\/gw\/wp-content\/uploads\/cropped-205px-Orange_logo-1.png","contentUrl":"https:\/\/ecards.orange.com\/gw\/wp-content\/uploads\/cropped-205px-Orange_logo-1.png","width":205,"height":205,"caption":"e-cards Fun"},"image":{"@id":"https:\/\/ecards.orange.com\/gw\/#\/schema\/logo\/image\/"}}]}},"_links":{"self":[{"href":"https:\/\/ecards.orange.com\/gw\/wp-json\/wp\/v2\/product\/1075"}],"collection":[{"href":"https:\/\/ecards.orange.com\/gw\/wp-json\/wp\/v2\/product"}],"about":[{"href":"https:\/\/ecards.orange.com\/gw\/wp-json\/wp\/v2\/types\/product"}],"replies":[{"embeddable":true,"href":"https:\/\/ecards.orange.com\/gw\/wp-json\/wp\/v2\/comments?post=1075"}],"wp:featuredmedia":[{"embeddable":true,"href":"https:\/\/ecards.orange.com\/gw\/wp-json\/wp\/v2\/media\/534"}],"wp:attachment":[{"href":"https:\/\/ecards.orange.com\/gw\/wp-json\/wp\/v2\/media?parent=1075"}],"wp:term":[{"taxonomy":"product_cat","embeddable":true,"href":"https:\/\/ecards.orange.com\/gw\/wp-json\/wp\/v2\/product_cat?post=1075"},{"taxonomy":"product_tag","embeddable":true,"href":"https:\/\/ecards.orange.com\/gw\/wp-json\/wp\/v2\/product_tag?post=1075"}],"curies":[{"name":"wp","href":"https:\/\/api.w.org\/{rel}","templated":true}]}}