{"id":287,"date":"2020-06-24T08:19:41","date_gmt":"2020-06-24T08:19:41","guid":{"rendered":"https:\/\/ecards.orange.com\/gw\/\/?page_id=287"},"modified":"2022-10-14T16:07:24","modified_gmt":"2022-10-14T16:07:24","slug":"panier","status":"publish","type":"page","link":"https:\/\/ecards.orange.com\/gw\/mon-compte\/panier\/","title":{"rendered":"Cart Page Template"},"content":{"rendered":"\n\n\n\n<div class=\"wp-block-osaxis-widget-how-to-use\"><div id=\"how-to-use-widget\"><div class=\"widget-header\"><h2>Como funciona?<\/h2><a href=\"\/gw\/faq\/\">Saber mais<\/a><\/div><div class=\"widget-body\"><div class=\"body-row\"><div class=\"img-step img-step-one\"><img src=\"https:\/\/ecards.orange.com\/gw\/wp-content\/themes\/storefront-orange\/assets\/icons\/cart_plus_one.svg\"\/><\/div><div class=\"before-txt-step-one\"><div class=\"txt-step-one\">Selecione os cart\u00f5es que deseja comprar<\/div><\/div><\/div><div class=\"body-row\"><div class=\"img-step img-step-two\"><img src=\"https:\/\/ecards.orange.com\/gw\/wp-content\/themes\/storefront-orange\/assets\/icons\/orange_money.svg\"\/><\/div><div class=\"before-txt-step-two\"><div class=\"txt-step-two\">Inscreva-se e pague com Orange Money<\/div><\/div><\/div><div class=\"body-row\"><div class=\"img-step img-step-three\"><img src=\"https:\/\/ecards.orange.com\/gw\/wp-content\/themes\/storefront-orange\/assets\/icons\/vchr_code.svg\"\/><\/div><div class=\"before-txt-step-three\"><div class=\"txt-step-three\">Acesse o site oficial do servi\u00e7o escolhido e insira o c\u00f3digo fornecido no final de sua compra<\/div><\/div><\/div><\/div><\/div><\/div>\n\n\n\n<div class=\"wp-block-osaxis-widget-need-help\"><div id=\"need-help-widget\"><div class=\"wdg-content\"><h3 class=\"wdg-title\">Precisa de ajuda?<\/h3><p class=\"wdg-description\">Consulte o nosso FAQ e n\u00e3o hesite em contactar-nos para qualquer quest\u00e3o relativa ao funcionamento do espa\u00e7o e-card Fun<\/p><div class=\"need-help-buttons\"><div class=\"faq\"><a href=\"\/gw\/faq\/\"><span class=\"dashicons dashicons-editor-help\"><\/span>FAQs<\/a><\/div><div class=\"contact\"><a href=\"\/gw\/contato\/\"><span class=\"dashicons dashicons-email\"><\/span>Contate-Nos<\/a><\/div><\/div><\/div><\/div><\/div>\n","protected":false},"excerpt":{"rendered":"","protected":false},"author":1,"featured_media":0,"parent":8,"menu_order":0,"comment_status":"closed","ping_status":"closed","template":"","meta":[],"yoast_head":"<!-- This site is optimized with the Yoast SEO plugin v19.8 - https:\/\/yoast.com\/wordpress\/plugins\/seo\/ -->\n<title>Cart Page Template - e-cards Fun<\/title>\n<meta name=\"robots\" content=\"index, follow, max-snippet:-1, max-image-preview:large, max-video-preview:-1\" \/>\n<link rel=\"canonical\" href=\"https:\/\/ecards.orange.com\/gw\/mon-compte\/panier\/\" \/>\n<meta property=\"og:locale\" content=\"pt_PT\" \/>\n<meta property=\"og:type\" content=\"article\" \/>\n<meta property=\"og:title\" content=\"Cart Page Template - e-cards Fun\" \/>\n<meta property=\"og:url\" content=\"https:\/\/ecards.orange.com\/gw\/mon-compte\/panier\/\" \/>\n<meta property=\"og:site_name\" content=\"e-cards Fun\" \/>\n<meta property=\"article:modified_time\" content=\"2022-10-14T16:07:24+00:00\" \/>\n<meta property=\"og:image\" content=\"https:\/\/ecards.orange.com\/gw\/wp-content\/themes\/storefront-orange\/assets\/icons\/cart_plus_one.svg\" \/>\n<meta name=\"twitter:card\" content=\"summary_large_image\" \/>\n<meta name=\"twitter:label1\" content=\"Tempo estimado de leitura\" \/>\n\t<meta name=\"twitter:data1\" content=\"1 minuto\" \/>\n<script type=\"application\/ld+json\" class=\"yoast-schema-graph\">{\"@context\":\"https:\/\/schema.org\",\"@graph\":[{\"@type\":\"WebPage\",\"@id\":\"https:\/\/ecards.orange.com\/gw\/mon-compte\/panier\/\",\"url\":\"https:\/\/ecards.orange.com\/gw\/mon-compte\/panier\/\",\"name\":\"Cart Page Template - e-cards Fun\",\"isPartOf\":{\"@id\":\"https:\/\/ecards.orange.com\/gw\/#website\"},\"datePublished\":\"2020-06-24T08:19:41+00:00\",\"dateModified\":\"2022-10-14T16:07:24+00:00\",\"breadcrumb\":{\"@id\":\"https:\/\/ecards.orange.com\/gw\/mon-compte\/panier\/#breadcrumb\"},\"inLanguage\":\"pt-PT\",\"potentialAction\":[{\"@type\":\"ReadAction\",\"target\":[\"https:\/\/ecards.orange.com\/gw\/mon-compte\/panier\/\"]}]},{\"@type\":\"BreadcrumbList\",\"@id\":\"https:\/\/ecards.orange.com\/gw\/mon-compte\/panier\/#breadcrumb\",\"itemListElement\":[{\"@type\":\"ListItem\",\"position\":1,\"name\":\"Accueil\",\"item\":\"https:\/\/ecards.orange.com\/gw\/\"},{\"@type\":\"ListItem\",\"position\":2,\"name\":\"Minha conta\",\"item\":\"https:\/\/ecards.orange.com\/gw\/mon-compte\/\"},{\"@type\":\"ListItem\",\"position\":3,\"name\":\"Cart Page Template\"}]},{\"@type\":\"WebSite\",\"@id\":\"https:\/\/ecards.orange.com\/gw\/#website\",\"url\":\"https:\/\/ecards.orange.com\/gw\/\",\"name\":\"e-cards Fun\",\"description\":\"\",\"publisher\":{\"@id\":\"https:\/\/ecards.orange.com\/gw\/#organization\"},\"potentialAction\":[{\"@type\":\"SearchAction\",\"target\":{\"@type\":\"EntryPoint\",\"urlTemplate\":\"https:\/\/ecards.orange.com\/gw\/?s={search_term_string}\"},\"query-input\":\"required name=search_term_string\"}],\"inLanguage\":\"pt-PT\"},{\"@type\":\"Organization\",\"@id\":\"https:\/\/ecards.orange.com\/gw\/#organization\",\"name\":\"e-cards Fun\",\"url\":\"https:\/\/ecards.orange.com\/gw\/\",\"sameAs\":[],\"logo\":{\"@type\":\"ImageObject\",\"inLanguage\":\"pt-PT\",\"@id\":\"https:\/\/ecards.orange.com\/gw\/#\/schema\/logo\/image\/\",\"url\":\"https:\/\/ecards.orange.com\/gw\/wp-content\/uploads\/cropped-205px-Orange_logo-1.png\",\"contentUrl\":\"https:\/\/ecards.orange.com\/gw\/wp-content\/uploads\/cropped-205px-Orange_logo-1.png\",\"width\":205,\"height\":205,\"caption\":\"e-cards Fun\"},\"image\":{\"@id\":\"https:\/\/ecards.orange.com\/gw\/#\/schema\/logo\/image\/\"}}]}<\/script>\n<!-- \/ Yoast SEO plugin. -->","yoast_head_json":{"title":"Cart Page Template - e-cards Fun","robots":{"index":"index","follow":"follow","max-snippet":"max-snippet:-1","max-image-preview":"max-image-preview:large","max-video-preview":"max-video-preview:-1"},"canonical":"https:\/\/ecards.orange.com\/gw\/mon-compte\/panier\/","og_locale":"pt_PT","og_type":"article","og_title":"Cart Page Template - e-cards Fun","og_url":"https:\/\/ecards.orange.com\/gw\/mon-compte\/panier\/","og_site_name":"e-cards Fun","article_modified_time":"2022-10-14T16:07:24+00:00","og_image":[{"url":"https:\/\/ecards.orange.com\/gw\/wp-content\/themes\/storefront-orange\/assets\/icons\/cart_plus_one.svg"}],"twitter_card":"summary_large_image","twitter_misc":{"Tempo estimado de leitura":"1 minuto"},"schema":{"@context":"https:\/\/schema.org","@graph":[{"@type":"WebPage","@id":"https:\/\/ecards.orange.com\/gw\/mon-compte\/panier\/","url":"https:\/\/ecards.orange.com\/gw\/mon-compte\/panier\/","name":"Cart Page Template - e-cards Fun","isPartOf":{"@id":"https:\/\/ecards.orange.com\/gw\/#website"},"datePublished":"2020-06-24T08:19:41+00:00","dateModified":"2022-10-14T16:07:24+00:00","breadcrumb":{"@id":"https:\/\/ecards.orange.com\/gw\/mon-compte\/panier\/#breadcrumb"},"inLanguage":"pt-PT","potentialAction":[{"@type":"ReadAction","target":["https:\/\/ecards.orange.com\/gw\/mon-compte\/panier\/"]}]},{"@type":"BreadcrumbList","@id":"https:\/\/ecards.orange.com\/gw\/mon-compte\/panier\/#breadcrumb","itemListElement":[{"@type":"ListItem","position":1,"name":"Accueil","item":"https:\/\/ecards.orange.com\/gw\/"},{"@type":"ListItem","position":2,"name":"Minha conta","item":"https:\/\/ecards.orange.com\/gw\/mon-compte\/"},{"@type":"ListItem","position":3,"name":"Cart Page Template"}]},{"@type":"WebSite","@id":"https:\/\/ecards.orange.com\/gw\/#website","url":"https:\/\/ecards.orange.com\/gw\/","name":"e-cards Fun","description":"","publisher":{"@id":"https:\/\/ecards.orange.com\/gw\/#organization"},"potentialAction":[{"@type":"SearchAction","target":{"@type":"EntryPoint","urlTemplate":"https:\/\/ecards.orange.com\/gw\/?s={search_term_string}"},"query-input":"required name=search_term_string"}],"inLanguage":"pt-PT"},{"@type":"Organization","@id":"https:\/\/ecards.orange.com\/gw\/#organization","name":"e-cards Fun","url":"https:\/\/ecards.orange.com\/gw\/","sameAs":[],"logo":{"@type":"ImageObject","inLanguage":"pt-PT","@id":"https:\/\/ecards.orange.com\/gw\/#\/schema\/logo\/image\/","url":"https:\/\/ecards.orange.com\/gw\/wp-content\/uploads\/cropped-205px-Orange_logo-1.png","contentUrl":"https:\/\/ecards.orange.com\/gw\/wp-content\/uploads\/cropped-205px-Orange_logo-1.png","width":205,"height":205,"caption":"e-cards Fun"},"image":{"@id":"https:\/\/ecards.orange.com\/gw\/#\/schema\/logo\/image\/"}}]}},"_links":{"self":[{"href":"https:\/\/ecards.orange.com\/gw\/wp-json\/wp\/v2\/pages\/287"}],"collection":[{"href":"https:\/\/ecards.orange.com\/gw\/wp-json\/wp\/v2\/pages"}],"about":[{"href":"https:\/\/ecards.orange.com\/gw\/wp-json\/wp\/v2\/types\/page"}],"author":[{"embeddable":true,"href":"https:\/\/ecards.orange.com\/gw\/wp-json\/wp\/v2\/users\/1"}],"replies":[{"embeddable":true,"href":"https:\/\/ecards.orange.com\/gw\/wp-json\/wp\/v2\/comments?post=287"}],"version-history":[{"count":8,"href":"https:\/\/ecards.orange.com\/gw\/wp-json\/wp\/v2\/pages\/287\/revisions"}],"predecessor-version":[{"id":514,"href":"https:\/\/ecards.orange.com\/gw\/wp-json\/wp\/v2\/pages\/287\/revisions\/514"}],"up":[{"embeddable":true,"href":"https:\/\/ecards.orange.com\/gw\/wp-json\/wp\/v2\/pages\/8"}],"wp:attachment":[{"href":"https:\/\/ecards.orange.com\/gw\/wp-json\/wp\/v2\/media?parent=287"}],"curies":[{"name":"wp","href":"https:\/\/api.w.org\/{rel}","templated":true}]}}