{"id":214,"date":"2020-05-27T08:55:29","date_gmt":"2020-05-27T08:55:29","guid":{"rendered":"https:\/\/ecards.orange.com\/gw\/\/?page_id=214"},"modified":"2022-11-25T17:50:21","modified_gmt":"2022-11-25T17:50:21","slug":"dados-pessoais","status":"publish","type":"page","link":"https:\/\/ecards.orange.com\/gw\/dados-pessoais\/","title":{"rendered":"Dados pessoais"},"content":{"rendered":"\n<p><\/p>\n\n\n\n<p>Esta pol\u00edtica de privacidade se aplica aos clientes que assinaram o servi\u00e7o Orange eCartes Fun em <a href=\"https:\/\/ecards.orange.com\/\">ecards.orange.com a <\/a>partir de 10 de novembro de 2022.<\/p>\n\n\n\n<p>Esta pol\u00edtica de privacidade n\u00e3o se aplica a sites de terceiros aos quais se refere <a href=\"https:\/\/ecards.orange.com\/\">ecards.orange.com <\/a>ou a sites que anunciam em ecartes.orange.com. Esses sites de terceiros t\u00eam sua pr\u00f3pria pol\u00edtica de privacidade que convidamos voc\u00ea a consultar.<\/p>\n\n\n\n<p>Seus dados pessoais s\u00e3o coletados e processados de acordo com a lei francesa &#8220;Informatique et Libert\u00e9s&#8221; de 6 de janeiro de 1978, conforme alterada pela lei de 6 de agosto de 2004.<\/p>\n\n\n\n<h2>Coleta de informa\u00e7\u00f5es pessoais<\/h2>\n\n\n\n<p>As informa\u00e7\u00f5es pessoais sobre voc\u00ea s\u00e3o coletadas quando voc\u00ea se registra e usa o servi\u00e7o Orange eCards Fun, quando voc\u00ea envia uma mensagem atrav\u00e9s da se\u00e7\u00e3o de contato, um e-mail, quando voc\u00ea liga ou durante qualquer troca conosco. Quando utiliza os servi\u00e7os Orange eCards Fun, tamb\u00e9m s\u00e3o recolhidas determinadas informa\u00e7\u00f5es que podem estar associadas aos seus dados pessoais, tais como os n\u00fameros de telem\u00f3vel e endere\u00e7os de correio eletr\u00f3nico indicados para a entrega dos c\u00f3digos fornecidos pelo servi\u00e7o Orange eCards Fun.<\/p>\n\n\n\n<h2>Uso de Dados Pessoais<\/h2>\n\n\n\n<p>Seus dados pessoais s\u00e3o usados como parte do desempenho dos servi\u00e7os Orange eCards Fun (como os pedidos que voc\u00ea faz, faturas Orange eCards Fun, respostas aos seus pedidos de assist\u00eancia).<\/p>\n\n\n\n<p>Tamb\u00e9m \u00e9 poss\u00edvel que entremos em contato com voc\u00ea por e-mail ou SMS para inform\u00e1-lo sobre os produtos ou servi\u00e7os da Orange Link SAS; voc\u00ea pode optar por n\u00e3o receber esse tipo de informa\u00e7\u00e3o entrando em contato conosco em contact.ecartes@orange.com.<\/p>\n\n\n\n<p>Os seus Dados Pessoais s\u00e3o recolhidos pela Orange Link SAS com o \u00fanico prop\u00f3sito de processar a sua encomenda em <a href=\"http:\/\/ecards.orange.com\">ecards.orange.com<\/a> em nome da Orange Link SAS; em nenhum caso ser\u00e3o comunicados a terceiros.<\/p>\n\n\n\n<p>Para exercer seus direitos de acesso, retifica\u00e7\u00e3o e exclus\u00e3o de informa\u00e7\u00f5es sobre voc\u00ea, entre em contato conosco pelo e-mail contact.ecartes@orange.com.<\/p>\n\n\n\n<h2>Cookies<\/h2>\n\n\n\n<p>Para uma experi\u00eancia on-line ideal, nas p\u00e1ginas da Web <a href=\"https:\/\/ecards.orange.com\/\">ecards.orange.com <\/a>, seu computador, tablet ou smartphone deve aceitar obrigatoriamente \u201ccookies\u201d.<\/p>\n\n\n\n<p>Um &#8220;cookie&#8221; \u00e9 um pequeno arquivo de texto que \u00e9 armazenado em seu sistema quando voc\u00ea visita um site: ele permite que o site identifique seu sistema cada vez que voc\u00ea visita o mesmo site. Os cookies n\u00e3o podem executar programas ou transmitir v\u00edrus ao seu sistema. Al\u00e9m disso, eles s\u00f3 podem ser lidos pelo servidor web do dom\u00ednio que os salvou em seu sistema.<\/p>\n\n\n\n<p><a href=\"https:\/\/ecards.orange.com\/\">Ecards.orange.com <\/a>usa \u201ccookies\u201d para coletar informa\u00e7\u00f5es sobre usu\u00e1rios da Internet e clientes com uma conta, a fim de melhorar os servi\u00e7os Orange eCards Fun. A maioria dos navegadores \u00e9 configurada por padr\u00e3o para aceitar &#8220;cookies&#8221; automaticamente, mas geralmente \u00e9 poss\u00edvel modificar as configura\u00e7\u00f5es do navegador para evitar a aceita\u00e7\u00e3o autom\u00e1tica e para notific\u00e1-lo sempre que um &#8220;cookie&#8221; \u00e9 enviado em seu sistema ou, finalmente, para permitir que voc\u00ea optar por n\u00e3o receber quaisquer \u201ccookies\u201d. Se desejar bloquear &#8220;cookies&#8221; do seu navegador, voc\u00ea pode consultar a se\u00e7\u00e3o de ajuda do seu navegador para obter as instru\u00e7\u00f5es apropriadas. Se optar por recusar os \u201ccookies\u201d, poder\u00e1 n\u00e3o ter acesso a determinadas fun\u00e7\u00f5es interativas e funcionalidades de <a href=\"https:\/\/ecards.orange.com\/\">ecards.orange.com <\/a>.<\/p>\n\n\n\n<h2>Carta Orange Link relativa \u00e0 prote\u00e7\u00e3o de dados pessoais e privacidade \u2013 janeiro de 2010 (atualizado: dezembro de 2014)<\/h2>\n\n\n\n<p>A Orange Link compromete-se, no \u00e2mbito das suas atividades e de acordo com a legisla\u00e7\u00e3o em vigor em Fran\u00e7a e na Europa, a garantir a prote\u00e7\u00e3o, confidencialidade e seguran\u00e7a dos dados pessoais dos utilizadores dos seus servi\u00e7os, bem como a respeitar a sua privacidade.<\/p>\n\n\n\n<p>Os compromissos, descritos nesta Carta, respondem aos valores, princ\u00edpios de atua\u00e7\u00e3o e princ\u00edpios de conduta individual descritos no C\u00f3digo de \u00c9tica do Grupo e complementam os compromissos da Orange de prote\u00e7\u00e3o de dados pessoais e respeito \u00e0 vida privada.<\/p>\n\n\n\n<p>Para garantir a sua correta aplica\u00e7\u00e3o, a Orange nomeou um Correspondente de Prote\u00e7\u00e3o de Dados (CIL), que \u00e9 um contacto especializado na prote\u00e7\u00e3o de dados pessoais, tanto na Orange como nas suas rela\u00e7\u00f5es com a Comiss\u00e3o Nacional de Inform\u00e1tica e Liberdades (CNIL).<\/p>\n\n\n\n<p><strong>1. A Orange Link coleta os dados pessoais de seus clientes e prospects de forma justa e transparente<\/strong><\/p>\n\n\n\n<ul><li>A Orange Link est\u00e1 proibida de recolher dados pessoais sem ter informado as pessoas em causa.<\/li><li>A Orange Link recolhe estes dados para fornecer os servi\u00e7os solicitados pelos seus clientes, para satisfazer as necessidades de gest\u00e3o dos seus clientes e potenciais clientes, e para os informar da utiliza\u00e7\u00e3o que deles \u00e9 feita.<\/li><li>A Orange Link assegura a pertin\u00eancia dos dados pessoais recolhidos para melhor conhecer os seus Clientes e garantir um servi\u00e7o de qualidade<\/li><li>A Orange Link informa os internautas sobre a coloca\u00e7\u00e3o de cookies e outros rastreadores nos sites que publica<\/li><\/ul>\n\n\n\n<p><strong>2. A Orange Link utiliza os dados pessoais recolhidos no \u00e2mbito das suas atividades comerciais<\/strong><\/p>\n\n\n\n<ul><li>A Orange Link garante a confidencialidade dos dados pessoais que lhe s\u00e3o confiados e desde a conce\u00e7\u00e3o dos servi\u00e7os, sites, aplica\u00e7\u00f5es respeita os princ\u00edpios da prote\u00e7\u00e3o de dados<\/li><li>A Orange Link utiliza os dados pessoais dos clientes para os autenticar, disponibilizar-lhes o servi\u00e7o subscrito e oferecer-lhes ofertas \u00e0 medida das suas necessidades.<\/li><li>A Orange Link apenas comunica dados pessoais aos seus prestadores de servi\u00e7os autorizados e garante que cumprem condi\u00e7\u00f5es estritas de confidencialidade, utiliza\u00e7\u00e3o e prote\u00e7\u00e3o desses dados.<\/li><li>A Orange Link est\u00e1 proibida de comunicar dados pessoais a parceiros comerciais sem ter informado os seus clientes e sem lhes ter oferecido a possibilidade de exercerem o seu direito de oposi\u00e7\u00e3o.<\/li><li>\u00c9 prov\u00e1vel que a Orange Link utilize os dados dos seus Clientes previamente anonimizados para efeitos de estudos estat\u00edsticos.<\/li><\/ul>\n\n\n\n<p><strong>3. A Orange Link toma as medidas necess\u00e1rias para garantir a seguran\u00e7a dos dados pessoais<\/strong><\/p>\n\n\n\n<ul><li>A Orange Link implementa medidas de seguran\u00e7a adaptadas ao grau de sensibilidade dos dados pessoais para os proteger contra qualquer intrus\u00e3o maliciosa, qualquer perda, altera\u00e7\u00e3o ou divulga\u00e7\u00e3o a terceiros n\u00e3o autorizados.<\/li><li>Orange Link garante a seguran\u00e7a das informa\u00e7\u00f5es trocadas durante transa\u00e7\u00f5es ou atos de pagamento<\/li><li>A Orange Link emite autoriza\u00e7\u00f5es de acesso ao seu sistema de informa\u00e7\u00e3o apenas a pessoas que delas necessitem para o desempenho das suas fun\u00e7\u00f5es<\/li><li>A Orange Link sensibiliza os seus colaboradores para a prote\u00e7\u00e3o dos dados pessoais que lhes s\u00e3o disponibilizados no \u00e2mbito das suas fun\u00e7\u00f5es e assegura o cumprimento das normas em vigor e da \u00e9tica da empresa<\/li><li>A Orange Link realiza auditorias para verificar a correta aplica\u00e7\u00e3o operacional destas regras<\/li><li>A Orange Link exige que seus provedores de servi\u00e7os cumpram seus princ\u00edpios de seguran\u00e7a<\/li><\/ul>\n\n\n\n<p><strong>4. A Orange Link respeita os prazos de reten\u00e7\u00e3o de dados pessoais<\/strong><\/p>\n\n\n\n<ul><li>A Orange Link limita a reten\u00e7\u00e3o de dados pessoais ao prazo definido por lei ou declarado \u00e0 CIL<\/li><li>A Orange Link compromete-se a apagar os dados das suas bases de dados no final deste per\u00edodo<\/li><\/ul>\n\n\n\n<p>&nbsp;&nbsp;&nbsp;<strong>5. Orange Link informa seus clientes e prospects sobre seus direitos em termos de dados pessoais<\/strong><\/p>\n\n\n\n<ul><li>A Orange Link informa-os da possibilidade de exercerem os seus direitos de acesso, comunica\u00e7\u00e3o e retifica\u00e7\u00e3o das informa\u00e7\u00f5es que lhes digam respeito, bem como o seu direito de oposi\u00e7\u00e3o por motivos leg\u00edtimos.<\/li><li>A Orange Link informa-os do seu direito de oposi\u00e7\u00e3o \u00e0s opera\u00e7\u00f5es de prospec\u00e7\u00e3o comercial<\/li><\/ul>\n\n\n\n<p>&nbsp;&nbsp;&nbsp;&nbsp;<strong>6. Orange Link informa e aconselha seus clientes a proteger sua privacidade<\/strong><\/p>\n\n\n\n<ul><li>A Orange Link alerta os seus clientes, e em particular os pais, para os poss\u00edveis riscos relativos a informa\u00e7\u00f5es que estes possam tornar p\u00fablicas e que, se utilizadas indevidamente, possam prejudicar a sua privacidade e a sua imagem (blogs, f\u00f3runs, redes sociais,\u2026 )<\/li><li>A Orange Link oferece aos seus clientes os meios t\u00e9cnicos adequados para proteg\u00ea-los de poss\u00edveis atos maliciosos, nomeadamente atrav\u00e9s do controlo parental e do antiv\u00edrus Orange Link.<\/li><li>Orange Link toma medidas para limitar as a\u00e7\u00f5es intrusivas de terceiros (spam, etc.) e informa sobre ataques eletr\u00f4nicos (phishing, v\u00edrus, roubo de informa\u00e7\u00f5es, etc. )<\/li><\/ul>\n\n\n\n<p>A Orange Link pode modificar esta Carta a qualquer momento, em particular devido a:<\/p>\n\n\n\n<p>\u2013 introdu\u00e7\u00e3o de novos servi\u00e7os ou novas tecnologias<br>\u2013 altera\u00e7\u00e3o do quadro legislativo e regulamentar<\/p>\n\n\n\n<p>Por uma quest\u00e3o de transpar\u00eancia, a Orange Link convida os seus visitantes a consultarem esta p\u00e1gina as vezes que desejarem para se inteirarem de eventuais altera\u00e7\u00f5es.<br>Todas as nossas pol\u00edticas e conselhos pr\u00e1ticos nesta \u00e1rea est\u00e3o dispon\u00edveis no site: <a href=\"https:\/\/bienvivreledigital.orange.fr\/\" target=\"_blank\" rel=\"noreferrer noopener\">https:\/\/bienvivreledigital.orange.fr\/<\/a><\/p>\n","protected":false},"excerpt":{"rendered":"<p>Esta pol\u00edtica de privacidade se aplica aos clientes que assinaram o servi\u00e7o Orange eCartes Fun em ecards.orange.com a partir de 10 de novembro de 2022. Esta pol\u00edtica de privacidade n\u00e3o se aplica a sites de terceiros aos quais se refere ecards.orange.com ou a sites que anunciam em ecartes.orange.com. Esses sites de terceiros t\u00eam sua pr\u00f3pria [&hellip;]<\/p>\n","protected":false},"author":1,"featured_media":0,"parent":0,"menu_order":0,"comment_status":"closed","ping_status":"closed","template":"","meta":[],"yoast_head":"<!-- This site is optimized with the Yoast SEO plugin v19.8 - https:\/\/yoast.com\/wordpress\/plugins\/seo\/ -->\n<title>Dados pessoais - e-cards Fun<\/title>\n<meta name=\"robots\" content=\"index, follow, max-snippet:-1, max-image-preview:large, max-video-preview:-1\" \/>\n<link rel=\"canonical\" href=\"https:\/\/ecards.orange.com\/gw\/dados-pessoais\/\" \/>\n<meta property=\"og:locale\" content=\"pt_PT\" \/>\n<meta property=\"og:type\" content=\"article\" \/>\n<meta property=\"og:title\" content=\"Dados pessoais - e-cards Fun\" \/>\n<meta property=\"og:description\" content=\"Esta pol\u00edtica de privacidade se aplica aos clientes que assinaram o servi\u00e7o Orange eCartes Fun em ecards.orange.com a partir de 10 de novembro de 2022. Esta pol\u00edtica de privacidade n\u00e3o se aplica a sites de terceiros aos quais se refere ecards.orange.com ou a sites que anunciam em ecartes.orange.com. Esses sites de terceiros t\u00eam sua pr\u00f3pria [&hellip;]\" \/>\n<meta property=\"og:url\" content=\"https:\/\/ecards.orange.com\/gw\/dados-pessoais\/\" \/>\n<meta property=\"og:site_name\" content=\"e-cards Fun\" \/>\n<meta property=\"article:modified_time\" content=\"2022-11-25T17:50:21+00:00\" \/>\n<meta name=\"twitter:card\" content=\"summary_large_image\" \/>\n<meta name=\"twitter:label1\" content=\"Tempo estimado de leitura\" \/>\n\t<meta name=\"twitter:data1\" content=\"8 minutos\" \/>\n<script type=\"application\/ld+json\" class=\"yoast-schema-graph\">{\"@context\":\"https:\/\/schema.org\",\"@graph\":[{\"@type\":\"WebPage\",\"@id\":\"https:\/\/ecards.orange.com\/gw\/dados-pessoais\/\",\"url\":\"https:\/\/ecards.orange.com\/gw\/dados-pessoais\/\",\"name\":\"Dados pessoais - e-cards Fun\",\"isPartOf\":{\"@id\":\"https:\/\/ecards.orange.com\/gw\/#website\"},\"datePublished\":\"2020-05-27T08:55:29+00:00\",\"dateModified\":\"2022-11-25T17:50:21+00:00\",\"breadcrumb\":{\"@id\":\"https:\/\/ecards.orange.com\/gw\/dados-pessoais\/#breadcrumb\"},\"inLanguage\":\"pt-PT\",\"potentialAction\":[{\"@type\":\"ReadAction\",\"target\":[\"https:\/\/ecards.orange.com\/gw\/dados-pessoais\/\"]}]},{\"@type\":\"BreadcrumbList\",\"@id\":\"https:\/\/ecards.orange.com\/gw\/dados-pessoais\/#breadcrumb\",\"itemListElement\":[{\"@type\":\"ListItem\",\"position\":1,\"name\":\"Accueil\",\"item\":\"https:\/\/ecards.orange.com\/gw\/\"},{\"@type\":\"ListItem\",\"position\":2,\"name\":\"Dados pessoais\"}]},{\"@type\":\"WebSite\",\"@id\":\"https:\/\/ecards.orange.com\/gw\/#website\",\"url\":\"https:\/\/ecards.orange.com\/gw\/\",\"name\":\"e-cards Fun\",\"description\":\"\",\"publisher\":{\"@id\":\"https:\/\/ecards.orange.com\/gw\/#organization\"},\"potentialAction\":[{\"@type\":\"SearchAction\",\"target\":{\"@type\":\"EntryPoint\",\"urlTemplate\":\"https:\/\/ecards.orange.com\/gw\/?s={search_term_string}\"},\"query-input\":\"required name=search_term_string\"}],\"inLanguage\":\"pt-PT\"},{\"@type\":\"Organization\",\"@id\":\"https:\/\/ecards.orange.com\/gw\/#organization\",\"name\":\"e-cards Fun\",\"url\":\"https:\/\/ecards.orange.com\/gw\/\",\"sameAs\":[],\"logo\":{\"@type\":\"ImageObject\",\"inLanguage\":\"pt-PT\",\"@id\":\"https:\/\/ecards.orange.com\/gw\/#\/schema\/logo\/image\/\",\"url\":\"https:\/\/ecards.orange.com\/gw\/wp-content\/uploads\/cropped-205px-Orange_logo-1.png\",\"contentUrl\":\"https:\/\/ecards.orange.com\/gw\/wp-content\/uploads\/cropped-205px-Orange_logo-1.png\",\"width\":205,\"height\":205,\"caption\":\"e-cards Fun\"},\"image\":{\"@id\":\"https:\/\/ecards.orange.com\/gw\/#\/schema\/logo\/image\/\"}}]}<\/script>\n<!-- \/ Yoast SEO plugin. -->","yoast_head_json":{"title":"Dados pessoais - e-cards Fun","robots":{"index":"index","follow":"follow","max-snippet":"max-snippet:-1","max-image-preview":"max-image-preview:large","max-video-preview":"max-video-preview:-1"},"canonical":"https:\/\/ecards.orange.com\/gw\/dados-pessoais\/","og_locale":"pt_PT","og_type":"article","og_title":"Dados pessoais - e-cards Fun","og_description":"Esta pol\u00edtica de privacidade se aplica aos clientes que assinaram o servi\u00e7o Orange eCartes Fun em ecards.orange.com a partir de 10 de novembro de 2022. Esta pol\u00edtica de privacidade n\u00e3o se aplica a sites de terceiros aos quais se refere ecards.orange.com ou a sites que anunciam em ecartes.orange.com. Esses sites de terceiros t\u00eam sua pr\u00f3pria [&hellip;]","og_url":"https:\/\/ecards.orange.com\/gw\/dados-pessoais\/","og_site_name":"e-cards Fun","article_modified_time":"2022-11-25T17:50:21+00:00","twitter_card":"summary_large_image","twitter_misc":{"Tempo estimado de leitura":"8 minutos"},"schema":{"@context":"https:\/\/schema.org","@graph":[{"@type":"WebPage","@id":"https:\/\/ecards.orange.com\/gw\/dados-pessoais\/","url":"https:\/\/ecards.orange.com\/gw\/dados-pessoais\/","name":"Dados pessoais - e-cards Fun","isPartOf":{"@id":"https:\/\/ecards.orange.com\/gw\/#website"},"datePublished":"2020-05-27T08:55:29+00:00","dateModified":"2022-11-25T17:50:21+00:00","breadcrumb":{"@id":"https:\/\/ecards.orange.com\/gw\/dados-pessoais\/#breadcrumb"},"inLanguage":"pt-PT","potentialAction":[{"@type":"ReadAction","target":["https:\/\/ecards.orange.com\/gw\/dados-pessoais\/"]}]},{"@type":"BreadcrumbList","@id":"https:\/\/ecards.orange.com\/gw\/dados-pessoais\/#breadcrumb","itemListElement":[{"@type":"ListItem","position":1,"name":"Accueil","item":"https:\/\/ecards.orange.com\/gw\/"},{"@type":"ListItem","position":2,"name":"Dados pessoais"}]},{"@type":"WebSite","@id":"https:\/\/ecards.orange.com\/gw\/#website","url":"https:\/\/ecards.orange.com\/gw\/","name":"e-cards Fun","description":"","publisher":{"@id":"https:\/\/ecards.orange.com\/gw\/#organization"},"potentialAction":[{"@type":"SearchAction","target":{"@type":"EntryPoint","urlTemplate":"https:\/\/ecards.orange.com\/gw\/?s={search_term_string}"},"query-input":"required name=search_term_string"}],"inLanguage":"pt-PT"},{"@type":"Organization","@id":"https:\/\/ecards.orange.com\/gw\/#organization","name":"e-cards Fun","url":"https:\/\/ecards.orange.com\/gw\/","sameAs":[],"logo":{"@type":"ImageObject","inLanguage":"pt-PT","@id":"https:\/\/ecards.orange.com\/gw\/#\/schema\/logo\/image\/","url":"https:\/\/ecards.orange.com\/gw\/wp-content\/uploads\/cropped-205px-Orange_logo-1.png","contentUrl":"https:\/\/ecards.orange.com\/gw\/wp-content\/uploads\/cropped-205px-Orange_logo-1.png","width":205,"height":205,"caption":"e-cards Fun"},"image":{"@id":"https:\/\/ecards.orange.com\/gw\/#\/schema\/logo\/image\/"}}]}},"_links":{"self":[{"href":"https:\/\/ecards.orange.com\/gw\/wp-json\/wp\/v2\/pages\/214"}],"collection":[{"href":"https:\/\/ecards.orange.com\/gw\/wp-json\/wp\/v2\/pages"}],"about":[{"href":"https:\/\/ecards.orange.com\/gw\/wp-json\/wp\/v2\/types\/page"}],"author":[{"embeddable":true,"href":"https:\/\/ecards.orange.com\/gw\/wp-json\/wp\/v2\/users\/1"}],"replies":[{"embeddable":true,"href":"https:\/\/ecards.orange.com\/gw\/wp-json\/wp\/v2\/comments?post=214"}],"version-history":[{"count":5,"href":"https:\/\/ecards.orange.com\/gw\/wp-json\/wp\/v2\/pages\/214\/revisions"}],"predecessor-version":[{"id":605,"href":"https:\/\/ecards.orange.com\/gw\/wp-json\/wp\/v2\/pages\/214\/revisions\/605"}],"wp:attachment":[{"href":"https:\/\/ecards.orange.com\/gw\/wp-json\/wp\/v2\/media?parent=214"}],"curies":[{"name":"wp","href":"https:\/\/api.w.org\/{rel}","templated":true}]}}