{"id":212,"date":"2020-05-27T08:55:19","date_gmt":"2020-05-27T08:55:19","guid":{"rendered":"https:\/\/ecards.orange.com\/gw\/\/?page_id=212"},"modified":"2022-11-04T09:18:37","modified_gmt":"2022-11-04T09:18:37","slug":"informacao-legal","status":"publish","type":"page","link":"https:\/\/ecards.orange.com\/gw\/informacao-legal\/","title":{"rendered":"Informa\u00e7\u00e3o legal"},"content":{"rendered":"\n<p><br><\/p>\n\n\n\n<p>Site publicado pela empresa Orange Link SAS, com um capital de 111.360 euros, RCS PARIS 501 614 788<br>12 rue Rouget de Lisle 92130 ISSY LES MOULINEAUX<br>T\u00e9l\u00e9phone : +33 (0)1 44 44 22 22.<\/p>\n\n\n\n<p>Diretor de Publica\u00e7\u00e3o : Fr\u00e9d\u00e9ric BLEHAUT<\/p>\n\n\n\n<p>Hospedeiro: <\/p>\n\n\n\n<p>Orange Business Services SA &#8211; Soci\u00e9t\u00e9 anonyme &#8211; com um capital de 1 063 592 809,20 Euro<br>1 place des droits de l&#8217;Homme 93210 SAINT DENIS &#8211; 345039416 RCS BOBIGNY<\/p>\n","protected":false},"excerpt":{"rendered":"<p>Site publicado pela empresa Orange Link SAS, com um capital de 111.360 euros, RCS PARIS 501 614 78812 rue Rouget de Lisle 92130 ISSY LES MOULINEAUXT\u00e9l\u00e9phone : +33 (0)1 44 44 22 22. Diretor de Publica\u00e7\u00e3o : Fr\u00e9d\u00e9ric BLEHAUT Hospedeiro: Orange Business Services SA &#8211; Soci\u00e9t\u00e9 anonyme &#8211; com um capital de 1 063 592 [&hellip;]<\/p>\n","protected":false},"author":1,"featured_media":0,"parent":0,"menu_order":0,"comment_status":"closed","ping_status":"closed","template":"","meta":[],"yoast_head":"<!-- This site is optimized with the Yoast SEO plugin v19.8 - https:\/\/yoast.com\/wordpress\/plugins\/seo\/ -->\n<title>Informa\u00e7\u00e3o legal - e-cards Fun<\/title>\n<meta name=\"robots\" content=\"index, follow, max-snippet:-1, max-image-preview:large, max-video-preview:-1\" \/>\n<link rel=\"canonical\" href=\"https:\/\/ecards.orange.com\/gw\/informacao-legal\/\" \/>\n<meta property=\"og:locale\" content=\"pt_PT\" \/>\n<meta property=\"og:type\" content=\"article\" \/>\n<meta property=\"og:title\" content=\"Informa\u00e7\u00e3o legal - e-cards Fun\" \/>\n<meta property=\"og:description\" content=\"Site publicado pela empresa Orange Link SAS, com um capital de 111.360 euros, RCS PARIS 501 614 78812 rue Rouget de Lisle 92130 ISSY LES MOULINEAUXT\u00e9l\u00e9phone : +33 (0)1 44 44 22 22. Diretor de Publica\u00e7\u00e3o : Fr\u00e9d\u00e9ric BLEHAUT Hospedeiro: Orange Business Services SA &#8211; Soci\u00e9t\u00e9 anonyme &#8211; com um capital de 1 063 592 [&hellip;]\" \/>\n<meta property=\"og:url\" content=\"https:\/\/ecards.orange.com\/gw\/informacao-legal\/\" \/>\n<meta property=\"og:site_name\" content=\"e-cards Fun\" \/>\n<meta property=\"article:modified_time\" content=\"2022-11-04T09:18:37+00:00\" \/>\n<meta name=\"twitter:card\" content=\"summary_large_image\" \/>\n<meta name=\"twitter:label1\" content=\"Tempo estimado de leitura\" \/>\n\t<meta name=\"twitter:data1\" content=\"1 minuto\" \/>\n<script type=\"application\/ld+json\" class=\"yoast-schema-graph\">{\"@context\":\"https:\/\/schema.org\",\"@graph\":[{\"@type\":\"WebPage\",\"@id\":\"https:\/\/ecards.orange.com\/gw\/informacao-legal\/\",\"url\":\"https:\/\/ecards.orange.com\/gw\/informacao-legal\/\",\"name\":\"Informa\u00e7\u00e3o legal - e-cards Fun\",\"isPartOf\":{\"@id\":\"https:\/\/ecards.orange.com\/gw\/#website\"},\"datePublished\":\"2020-05-27T08:55:19+00:00\",\"dateModified\":\"2022-11-04T09:18:37+00:00\",\"breadcrumb\":{\"@id\":\"https:\/\/ecards.orange.com\/gw\/informacao-legal\/#breadcrumb\"},\"inLanguage\":\"pt-PT\",\"potentialAction\":[{\"@type\":\"ReadAction\",\"target\":[\"https:\/\/ecards.orange.com\/gw\/informacao-legal\/\"]}]},{\"@type\":\"BreadcrumbList\",\"@id\":\"https:\/\/ecards.orange.com\/gw\/informacao-legal\/#breadcrumb\",\"itemListElement\":[{\"@type\":\"ListItem\",\"position\":1,\"name\":\"Accueil\",\"item\":\"https:\/\/ecards.orange.com\/gw\/\"},{\"@type\":\"ListItem\",\"position\":2,\"name\":\"Informa\u00e7\u00e3o legal\"}]},{\"@type\":\"WebSite\",\"@id\":\"https:\/\/ecards.orange.com\/gw\/#website\",\"url\":\"https:\/\/ecards.orange.com\/gw\/\",\"name\":\"e-cards Fun\",\"description\":\"\",\"publisher\":{\"@id\":\"https:\/\/ecards.orange.com\/gw\/#organization\"},\"potentialAction\":[{\"@type\":\"SearchAction\",\"target\":{\"@type\":\"EntryPoint\",\"urlTemplate\":\"https:\/\/ecards.orange.com\/gw\/?s={search_term_string}\"},\"query-input\":\"required name=search_term_string\"}],\"inLanguage\":\"pt-PT\"},{\"@type\":\"Organization\",\"@id\":\"https:\/\/ecards.orange.com\/gw\/#organization\",\"name\":\"e-cards Fun\",\"url\":\"https:\/\/ecards.orange.com\/gw\/\",\"sameAs\":[],\"logo\":{\"@type\":\"ImageObject\",\"inLanguage\":\"pt-PT\",\"@id\":\"https:\/\/ecards.orange.com\/gw\/#\/schema\/logo\/image\/\",\"url\":\"https:\/\/ecards.orange.com\/gw\/wp-content\/uploads\/cropped-205px-Orange_logo-1.png\",\"contentUrl\":\"https:\/\/ecards.orange.com\/gw\/wp-content\/uploads\/cropped-205px-Orange_logo-1.png\",\"width\":205,\"height\":205,\"caption\":\"e-cards Fun\"},\"image\":{\"@id\":\"https:\/\/ecards.orange.com\/gw\/#\/schema\/logo\/image\/\"}}]}<\/script>\n<!-- \/ Yoast SEO plugin. -->","yoast_head_json":{"title":"Informa\u00e7\u00e3o legal - e-cards Fun","robots":{"index":"index","follow":"follow","max-snippet":"max-snippet:-1","max-image-preview":"max-image-preview:large","max-video-preview":"max-video-preview:-1"},"canonical":"https:\/\/ecards.orange.com\/gw\/informacao-legal\/","og_locale":"pt_PT","og_type":"article","og_title":"Informa\u00e7\u00e3o legal - e-cards Fun","og_description":"Site publicado pela empresa Orange Link SAS, com um capital de 111.360 euros, RCS PARIS 501 614 78812 rue Rouget de Lisle 92130 ISSY LES MOULINEAUXT\u00e9l\u00e9phone : +33 (0)1 44 44 22 22. Diretor de Publica\u00e7\u00e3o : Fr\u00e9d\u00e9ric BLEHAUT Hospedeiro: Orange Business Services SA &#8211; Soci\u00e9t\u00e9 anonyme &#8211; com um capital de 1 063 592 [&hellip;]","og_url":"https:\/\/ecards.orange.com\/gw\/informacao-legal\/","og_site_name":"e-cards Fun","article_modified_time":"2022-11-04T09:18:37+00:00","twitter_card":"summary_large_image","twitter_misc":{"Tempo estimado de leitura":"1 minuto"},"schema":{"@context":"https:\/\/schema.org","@graph":[{"@type":"WebPage","@id":"https:\/\/ecards.orange.com\/gw\/informacao-legal\/","url":"https:\/\/ecards.orange.com\/gw\/informacao-legal\/","name":"Informa\u00e7\u00e3o legal - e-cards Fun","isPartOf":{"@id":"https:\/\/ecards.orange.com\/gw\/#website"},"datePublished":"2020-05-27T08:55:19+00:00","dateModified":"2022-11-04T09:18:37+00:00","breadcrumb":{"@id":"https:\/\/ecards.orange.com\/gw\/informacao-legal\/#breadcrumb"},"inLanguage":"pt-PT","potentialAction":[{"@type":"ReadAction","target":["https:\/\/ecards.orange.com\/gw\/informacao-legal\/"]}]},{"@type":"BreadcrumbList","@id":"https:\/\/ecards.orange.com\/gw\/informacao-legal\/#breadcrumb","itemListElement":[{"@type":"ListItem","position":1,"name":"Accueil","item":"https:\/\/ecards.orange.com\/gw\/"},{"@type":"ListItem","position":2,"name":"Informa\u00e7\u00e3o legal"}]},{"@type":"WebSite","@id":"https:\/\/ecards.orange.com\/gw\/#website","url":"https:\/\/ecards.orange.com\/gw\/","name":"e-cards Fun","description":"","publisher":{"@id":"https:\/\/ecards.orange.com\/gw\/#organization"},"potentialAction":[{"@type":"SearchAction","target":{"@type":"EntryPoint","urlTemplate":"https:\/\/ecards.orange.com\/gw\/?s={search_term_string}"},"query-input":"required name=search_term_string"}],"inLanguage":"pt-PT"},{"@type":"Organization","@id":"https:\/\/ecards.orange.com\/gw\/#organization","name":"e-cards Fun","url":"https:\/\/ecards.orange.com\/gw\/","sameAs":[],"logo":{"@type":"ImageObject","inLanguage":"pt-PT","@id":"https:\/\/ecards.orange.com\/gw\/#\/schema\/logo\/image\/","url":"https:\/\/ecards.orange.com\/gw\/wp-content\/uploads\/cropped-205px-Orange_logo-1.png","contentUrl":"https:\/\/ecards.orange.com\/gw\/wp-content\/uploads\/cropped-205px-Orange_logo-1.png","width":205,"height":205,"caption":"e-cards Fun"},"image":{"@id":"https:\/\/ecards.orange.com\/gw\/#\/schema\/logo\/image\/"}}]}},"_links":{"self":[{"href":"https:\/\/ecards.orange.com\/gw\/wp-json\/wp\/v2\/pages\/212"}],"collection":[{"href":"https:\/\/ecards.orange.com\/gw\/wp-json\/wp\/v2\/pages"}],"about":[{"href":"https:\/\/ecards.orange.com\/gw\/wp-json\/wp\/v2\/types\/page"}],"author":[{"embeddable":true,"href":"https:\/\/ecards.orange.com\/gw\/wp-json\/wp\/v2\/users\/1"}],"replies":[{"embeddable":true,"href":"https:\/\/ecards.orange.com\/gw\/wp-json\/wp\/v2\/comments?post=212"}],"version-history":[{"count":5,"href":"https:\/\/ecards.orange.com\/gw\/wp-json\/wp\/v2\/pages\/212\/revisions"}],"predecessor-version":[{"id":580,"href":"https:\/\/ecards.orange.com\/gw\/wp-json\/wp\/v2\/pages\/212\/revisions\/580"}],"wp:attachment":[{"href":"https:\/\/ecards.orange.com\/gw\/wp-json\/wp\/v2\/media?parent=212"}],"curies":[{"name":"wp","href":"https:\/\/api.w.org\/{rel}","templated":true}]}}