{"id":153,"date":"2020-03-30T13:36:39","date_gmt":"2020-03-30T13:36:39","guid":{"rendered":"https:\/\/ecards.orange.com\/gw\/\/?page_id=153"},"modified":"2022-10-14T15:08:31","modified_gmt":"2022-10-14T15:08:31","slug":"faq","status":"publish","type":"page","link":"https:\/\/ecards.orange.com\/gw\/faq\/","title":{"rendered":"FAQ"},"content":{"rendered":"\n<h2>Como recebo o c\u00f3digo do e-card que encomendei?<\/h2>\n\n\n\n<p>Uma vez validado o seu pedido, receber\u00e1 o seu c\u00f3digo:<\/p>\n\n\n\n<ul><li>por SMS para o n\u00famero de telefone indicado no formul\u00e1rio de pedido<\/li><li>por e-mail para o endere\u00e7o de e-mail indicado no formul\u00e1rio de pedido<\/li><\/ul>\n\n\n\n<p>Poder\u00e1 tamb\u00e9m encontrar o seu c\u00f3digo na sua conta, no seu hist\u00f3rico de pedidos<\/p>\n\n\n\n<h2>Como utilizar meu c\u00f3digo Netflix?<\/h2>\n\n\n\n<ul><li>Acesse o aplicativo m\u00f3vel Netflix ou Netflix.com e fa\u00e7a login na sua conta Netflix. <\/li><li>Em seguida, acesse https:\/\/www.netflix.com\/pt\/redeem e insira o c\u00f3digo exclusivo no espa\u00e7o fornecido.<\/li><li>Sua conta Netflix \u00e9 ent\u00e3o creditada com o valor do e-card.<\/li><\/ul>\n\n\n\n<h2>Posso usar um e-card Netflix em Euros na minha conta em d\u00f3lares americanos?<\/h2>\n\n\n\n<p>N\u00e3o, uma conta Netflix em d\u00f3lares americanos s\u00f3 pode ser creditada com um e-card em d\u00f3lares americanos. Da mesma forma, uma conta Netflix em euros s\u00f3 pode ser creditada com um e-card em euros.<\/p>\n\n\n\n<h2 id=\"comment-savoir-si-mon-compte-netflix-est-en-euros-ou-en-us-dollars\">Como saber se minha conta Netflix est\u00e1 em euros ou d\u00f3lares americanos?<\/h2>\n\n\n\n<p>Tudo o que precisa \u00e9 fazer o login na sua conta Netflix e depois ir para a se\u00e7\u00e3o Conta\/Detalhes de cobran\u00e7a. A moeda da sua conta ser\u00e1 exibida.<\/p>\n\n\n\n<h2 id=\"puis-je-creer-un-compte-netflix-avec-mon-code\">Posso criar uma conta Netflix com meu c\u00f3digo?<\/h2>\n\n\n\n<p>N\u00e3o, para criar e ativar sua conta Netflix \u00e0 partir da Guin\u00e9-Bissau, precisar\u00e1 de um cart\u00e3o banc\u00e1rio. Seu c\u00f3digo s\u00f3 permitir\u00e1 que recarregue uma conta existente.<\/p>\n\n\n\n<h2 id=\"amazon\">Amazon<\/h2>\n\n\n\n<h2 id=\"comment-utiliser-ma-e-carte-amazon-15\">Como usar o meu e-Card Amazon de \u20ac 15?<\/h2>\n\n\n\n<ul><li>Assim que o seu Amazon e-Card for comprado no espa\u00e7o e-card Fun, enviaremos o c\u00f3digo exclusivo do seu Amazon e-Card por mensagem de texto e e-mail.<\/li><li>V\u00e1 para Amazon.fr e fa\u00e7a login em sua conta Amazon.<\/li><li>Em seguida, v\u00e1 para a se\u00e7\u00e3o Sua Conta, Vales-presente e Recarga, &#8220;Adicione \u00e0 sua conta&#8221; e insira o c\u00f3digo exclusivo no espa\u00e7o fornecido (&#8220;Insira o c\u00f3digo do vale-presente&#8221;).<\/li><li>Sua conta Amazon.fr \u00e9 ent\u00e3o creditada com o valor do e-Card.<\/li><li>O saldo da conta do vale-presente \u00e9 usado automaticamente para pagar os pedidos qualificados.<\/li><li>Se o saldo da conta de vale-presente n\u00e3o cobrir o valor total do pedido, o restante dever\u00e1 ser pago com outra forma de pagamento.<\/li><\/ul>\n\n\n\n<h2 id=\"j-ai-copie-colle-sur-le-site-amazon-fr-le-code-fourni-mais-j-ai-un-message-d-erreur-comment-faire\">Copiei\/colei o c\u00f3digo fornecido no site Amazon.fr, mas recebi uma mensagem de erro. O que fazer ?<\/h2>\n\n\n\n<ul><li>Copiar\/colar n\u00e3o funciona para c\u00f3digos da Amazon.<\/li><li>Digite seu c\u00f3digo novamente na Amazon.fr usando o teclado.<\/li><\/ul>\n\n\n\n<h2 id=\"puis-je-creer-un-compte-amazon-prime-avec-mon-code\">Posso criar uma conta Amazon Prime com meu c\u00f3digo?<\/h2>\n\n\n\n<p>N\u00e3o, para criar e ativar sua conta Amazon Prime \u00e0 partir da Guin\u00e9-Bissau, precisar\u00e1 de um cart\u00e3o de cr\u00e9dito. Seu c\u00f3digo s\u00f3 permitir\u00e1 que recarregue uma conta existente.<\/p>\n\n\n\n<p><\/p>\n\n\n\n<h2 id=\"playstation\">Playstation<\/h2>\n\n\n\n<h2 id=\"comment-utiliser-ma-e-carte-playstation-store-20\">Como utilizo o meu e-Card Playstation Store de 20\u20ac?<\/h2>\n\n\n\n<ul><li>Assim que o e-Card da Playstation Store for adquirido no espa\u00e7o e-card Fun, enviaremos o c\u00f3digo exclusivo do e-Card da Playstation Store por mensagem de texto e e-mail.<\/li><li>V\u00e1 para Store.Playstation.com e conecte-se \u00e0 sua conta Sony Entertainment Network.<\/li><li>Em seguida, v\u00e1 para Store.Playstation.com na se\u00e7\u00e3o Minha conta\/Utilizar c\u00f3digos.<\/li><li>Insira o c\u00f3digo exclusivo no espa\u00e7o fornecido e siga as instru\u00e7\u00f5es<\/li><li>Sua conta da Sony Entertainment Network ser\u00e1 creditada com o valor do e-Card.<\/li><\/ul>\n\n\n\n<p><\/p>\n","protected":false},"excerpt":{"rendered":"<p>Como recebo o c\u00f3digo do e-card que encomendei? Uma vez validado o seu pedido, receber\u00e1 o seu c\u00f3digo: por SMS para o n\u00famero de telefone indicado no formul\u00e1rio de pedido por e-mail para o endere\u00e7o de e-mail indicado no formul\u00e1rio de pedido Poder\u00e1 tamb\u00e9m encontrar o seu c\u00f3digo na sua conta, no seu hist\u00f3rico de [&hellip;]<\/p>\n","protected":false},"author":1,"featured_media":0,"parent":0,"menu_order":0,"comment_status":"closed","ping_status":"closed","template":"","meta":[],"yoast_head":"<!-- This site is optimized with the Yoast SEO plugin v19.8 - https:\/\/yoast.com\/wordpress\/plugins\/seo\/ -->\n<title>FAQ - e-cards Fun<\/title>\n<meta name=\"robots\" content=\"index, follow, max-snippet:-1, max-image-preview:large, max-video-preview:-1\" \/>\n<link rel=\"canonical\" href=\"https:\/\/ecards.orange.com\/gw\/faq\/\" \/>\n<meta property=\"og:locale\" content=\"pt_PT\" \/>\n<meta property=\"og:type\" content=\"article\" \/>\n<meta property=\"og:title\" content=\"FAQ - e-cards Fun\" \/>\n<meta property=\"og:description\" content=\"Como recebo o c\u00f3digo do e-card que encomendei? Uma vez validado o seu pedido, receber\u00e1 o seu c\u00f3digo: por SMS para o n\u00famero de telefone indicado no formul\u00e1rio de pedido por e-mail para o endere\u00e7o de e-mail indicado no formul\u00e1rio de pedido Poder\u00e1 tamb\u00e9m encontrar o seu c\u00f3digo na sua conta, no seu hist\u00f3rico de [&hellip;]\" \/>\n<meta property=\"og:url\" content=\"https:\/\/ecards.orange.com\/gw\/faq\/\" \/>\n<meta property=\"og:site_name\" content=\"e-cards Fun\" \/>\n<meta property=\"article:modified_time\" content=\"2022-10-14T15:08:31+00:00\" \/>\n<meta name=\"twitter:card\" content=\"summary_large_image\" \/>\n<meta name=\"twitter:label1\" content=\"Tempo estimado de leitura\" \/>\n\t<meta name=\"twitter:data1\" content=\"3 minutos\" \/>\n<script type=\"application\/ld+json\" class=\"yoast-schema-graph\">{\"@context\":\"https:\/\/schema.org\",\"@graph\":[{\"@type\":\"WebPage\",\"@id\":\"https:\/\/ecards.orange.com\/gw\/faq\/\",\"url\":\"https:\/\/ecards.orange.com\/gw\/faq\/\",\"name\":\"FAQ - e-cards Fun\",\"isPartOf\":{\"@id\":\"https:\/\/ecards.orange.com\/gw\/#website\"},\"datePublished\":\"2020-03-30T13:36:39+00:00\",\"dateModified\":\"2022-10-14T15:08:31+00:00\",\"breadcrumb\":{\"@id\":\"https:\/\/ecards.orange.com\/gw\/faq\/#breadcrumb\"},\"inLanguage\":\"pt-PT\",\"potentialAction\":[{\"@type\":\"ReadAction\",\"target\":[\"https:\/\/ecards.orange.com\/gw\/faq\/\"]}]},{\"@type\":\"BreadcrumbList\",\"@id\":\"https:\/\/ecards.orange.com\/gw\/faq\/#breadcrumb\",\"itemListElement\":[{\"@type\":\"ListItem\",\"position\":1,\"name\":\"Accueil\",\"item\":\"https:\/\/ecards.orange.com\/gw\/\"},{\"@type\":\"ListItem\",\"position\":2,\"name\":\"FAQ\"}]},{\"@type\":\"WebSite\",\"@id\":\"https:\/\/ecards.orange.com\/gw\/#website\",\"url\":\"https:\/\/ecards.orange.com\/gw\/\",\"name\":\"e-cards Fun\",\"description\":\"\",\"publisher\":{\"@id\":\"https:\/\/ecards.orange.com\/gw\/#organization\"},\"potentialAction\":[{\"@type\":\"SearchAction\",\"target\":{\"@type\":\"EntryPoint\",\"urlTemplate\":\"https:\/\/ecards.orange.com\/gw\/?s={search_term_string}\"},\"query-input\":\"required name=search_term_string\"}],\"inLanguage\":\"pt-PT\"},{\"@type\":\"Organization\",\"@id\":\"https:\/\/ecards.orange.com\/gw\/#organization\",\"name\":\"e-cards Fun\",\"url\":\"https:\/\/ecards.orange.com\/gw\/\",\"sameAs\":[],\"logo\":{\"@type\":\"ImageObject\",\"inLanguage\":\"pt-PT\",\"@id\":\"https:\/\/ecards.orange.com\/gw\/#\/schema\/logo\/image\/\",\"url\":\"https:\/\/ecards.orange.com\/gw\/wp-content\/uploads\/cropped-205px-Orange_logo-1.png\",\"contentUrl\":\"https:\/\/ecards.orange.com\/gw\/wp-content\/uploads\/cropped-205px-Orange_logo-1.png\",\"width\":205,\"height\":205,\"caption\":\"e-cards Fun\"},\"image\":{\"@id\":\"https:\/\/ecards.orange.com\/gw\/#\/schema\/logo\/image\/\"}}]}<\/script>\n<!-- \/ Yoast SEO plugin. -->","yoast_head_json":{"title":"FAQ - e-cards Fun","robots":{"index":"index","follow":"follow","max-snippet":"max-snippet:-1","max-image-preview":"max-image-preview:large","max-video-preview":"max-video-preview:-1"},"canonical":"https:\/\/ecards.orange.com\/gw\/faq\/","og_locale":"pt_PT","og_type":"article","og_title":"FAQ - e-cards Fun","og_description":"Como recebo o c\u00f3digo do e-card que encomendei? Uma vez validado o seu pedido, receber\u00e1 o seu c\u00f3digo: por SMS para o n\u00famero de telefone indicado no formul\u00e1rio de pedido por e-mail para o endere\u00e7o de e-mail indicado no formul\u00e1rio de pedido Poder\u00e1 tamb\u00e9m encontrar o seu c\u00f3digo na sua conta, no seu hist\u00f3rico de [&hellip;]","og_url":"https:\/\/ecards.orange.com\/gw\/faq\/","og_site_name":"e-cards Fun","article_modified_time":"2022-10-14T15:08:31+00:00","twitter_card":"summary_large_image","twitter_misc":{"Tempo estimado de leitura":"3 minutos"},"schema":{"@context":"https:\/\/schema.org","@graph":[{"@type":"WebPage","@id":"https:\/\/ecards.orange.com\/gw\/faq\/","url":"https:\/\/ecards.orange.com\/gw\/faq\/","name":"FAQ - e-cards Fun","isPartOf":{"@id":"https:\/\/ecards.orange.com\/gw\/#website"},"datePublished":"2020-03-30T13:36:39+00:00","dateModified":"2022-10-14T15:08:31+00:00","breadcrumb":{"@id":"https:\/\/ecards.orange.com\/gw\/faq\/#breadcrumb"},"inLanguage":"pt-PT","potentialAction":[{"@type":"ReadAction","target":["https:\/\/ecards.orange.com\/gw\/faq\/"]}]},{"@type":"BreadcrumbList","@id":"https:\/\/ecards.orange.com\/gw\/faq\/#breadcrumb","itemListElement":[{"@type":"ListItem","position":1,"name":"Accueil","item":"https:\/\/ecards.orange.com\/gw\/"},{"@type":"ListItem","position":2,"name":"FAQ"}]},{"@type":"WebSite","@id":"https:\/\/ecards.orange.com\/gw\/#website","url":"https:\/\/ecards.orange.com\/gw\/","name":"e-cards Fun","description":"","publisher":{"@id":"https:\/\/ecards.orange.com\/gw\/#organization"},"potentialAction":[{"@type":"SearchAction","target":{"@type":"EntryPoint","urlTemplate":"https:\/\/ecards.orange.com\/gw\/?s={search_term_string}"},"query-input":"required name=search_term_string"}],"inLanguage":"pt-PT"},{"@type":"Organization","@id":"https:\/\/ecards.orange.com\/gw\/#organization","name":"e-cards Fun","url":"https:\/\/ecards.orange.com\/gw\/","sameAs":[],"logo":{"@type":"ImageObject","inLanguage":"pt-PT","@id":"https:\/\/ecards.orange.com\/gw\/#\/schema\/logo\/image\/","url":"https:\/\/ecards.orange.com\/gw\/wp-content\/uploads\/cropped-205px-Orange_logo-1.png","contentUrl":"https:\/\/ecards.orange.com\/gw\/wp-content\/uploads\/cropped-205px-Orange_logo-1.png","width":205,"height":205,"caption":"e-cards Fun"},"image":{"@id":"https:\/\/ecards.orange.com\/gw\/#\/schema\/logo\/image\/"}}]}},"_links":{"self":[{"href":"https:\/\/ecards.orange.com\/gw\/wp-json\/wp\/v2\/pages\/153"}],"collection":[{"href":"https:\/\/ecards.orange.com\/gw\/wp-json\/wp\/v2\/pages"}],"about":[{"href":"https:\/\/ecards.orange.com\/gw\/wp-json\/wp\/v2\/types\/page"}],"author":[{"embeddable":true,"href":"https:\/\/ecards.orange.com\/gw\/wp-json\/wp\/v2\/users\/1"}],"replies":[{"embeddable":true,"href":"https:\/\/ecards.orange.com\/gw\/wp-json\/wp\/v2\/comments?post=153"}],"version-history":[{"count":7,"href":"https:\/\/ecards.orange.com\/gw\/wp-json\/wp\/v2\/pages\/153\/revisions"}],"predecessor-version":[{"id":491,"href":"https:\/\/ecards.orange.com\/gw\/wp-json\/wp\/v2\/pages\/153\/revisions\/491"}],"wp:attachment":[{"href":"https:\/\/ecards.orange.com\/gw\/wp-json\/wp\/v2\/media?parent=153"}],"curies":[{"name":"wp","href":"https:\/\/api.w.org\/{rel}","templated":true}]}}